{"id":698,"date":"2026-01-16T14:47:29","date_gmt":"2026-01-16T14:47:29","guid":{"rendered":"https:\/\/thaimassage.rwpstaging.site\/?page_id=698"},"modified":"2026-01-19T12:35:54","modified_gmt":"2026-01-19T12:35:54","slug":"adatkezelesi-tajekoztato","status":"publish","type":"page","link":"https:\/\/anniethaispa.hu\/en\/adatkezelesi-tajekoztato\/","title":{"rendered":"Data management conference"},"content":{"rendered":"<div data-elementor-type=\"wp-page\" data-elementor-id=\"698\" class=\"elementor elementor-698\" data-elementor-post-type=\"page\">\n\t\t\t\t\t\t<section class=\"elementor-section elementor-top-section elementor-element elementor-element-2ed8b97 elementor-section-boxed elementor-section-height-default elementor-section-height-default\" data-id=\"2ed8b97\" data-element_type=\"section\" data-e-type=\"section\" data-settings=\"{&quot;background_background&quot;:&quot;classic&quot;}\">\n\t\t\t\t\t\t\t<div class=\"elementor-background-overlay\"><\/div>\n\t\t\t\t\t\t\t<div class=\"elementor-container elementor-column-gap-default\">\n\t\t\t\t\t<div class=\"elementor-column elementor-col-100 elementor-top-column elementor-element elementor-element-8b2f674\" data-id=\"8b2f674\" data-element_type=\"column\" data-e-type=\"column\">\n\t\t\t<div class=\"elementor-widget-wrap elementor-element-populated\">\n\t\t\t\t\t\t<div class=\"elementor-element elementor-element-941479a elementor-widget__width-auto elementor-icon-list--layout-traditional elementor-list-item-link-full_width elementor-widget elementor-widget-icon-list\" data-id=\"941479a\" data-element_type=\"widget\" data-e-type=\"widget\" data-widget_type=\"icon-list.default\">\n\t\t\t\t<div class=\"elementor-widget-container\">\n\t\t\t\t\t\t\t<ul class=\"elementor-icon-list-items\">\n\t\t\t\t\t\t\t<li class=\"elementor-icon-list-item\">\n\t\t\t\t\t\t\t\t\t\t\t<a href=\"\/en\/\">\n\n\t\t\t\t\t\t\t\t\t\t\t<span class=\"elementor-icon-list-text\">Home<\/span>\n\t\t\t\t\t\t\t\t\t\t\t<\/a>\n\t\t\t\t\t\t\t\t\t<\/li>\n\t\t\t\t\t\t<\/ul>\n\t\t\t\t\t\t<\/div>\n\t\t\t\t<\/div>\n\t\t\t\t<div class=\"elementor-element elementor-element-6a5ef69 elementor-widget__width-auto elementor-widget elementor-widget-heading\" data-id=\"6a5ef69\" data-element_type=\"widget\" data-e-type=\"widget\" data-widget_type=\"heading.default\">\n\t\t\t\t<div class=\"elementor-widget-container\">\n\t\t\t\t\t<h2 class=\"elementor-heading-title elementor-size-default\">\/<\/h2>\t\t\t\t<\/div>\n\t\t\t\t<\/div>\n\t\t\t\t<div class=\"elementor-element elementor-element-aa7da1a elementor-widget__width-auto elementor-icon-list--layout-traditional elementor-list-item-link-full_width elementor-widget elementor-widget-icon-list\" data-id=\"aa7da1a\" data-element_type=\"widget\" data-e-type=\"widget\" data-widget_type=\"icon-list.default\">\n\t\t\t\t<div class=\"elementor-widget-container\">\n\t\t\t\t\t\t\t<ul class=\"elementor-icon-list-items\">\n\t\t\t\t\t\t\t<li class=\"elementor-icon-list-item\">\n\t\t\t\t\t\t\t\t\t\t<span class=\"elementor-icon-list-text\">Data management conference<\/span>\n\t\t\t\t\t\t\t\t\t<\/li>\n\t\t\t\t\t\t<\/ul>\n\t\t\t\t\t\t<\/div>\n\t\t\t\t<\/div>\n\t\t\t\t<div class=\"elementor-element elementor-element-0949158 elementor-widget elementor-widget-heading\" data-id=\"0949158\" data-element_type=\"widget\" data-e-type=\"widget\" data-widget_type=\"heading.default\">\n\t\t\t\t<div class=\"elementor-widget-container\">\n\t\t\t\t\t<h2 class=\"elementor-heading-title elementor-size-default\">Data management conference<\/h2>\t\t\t\t<\/div>\n\t\t\t\t<\/div>\n\t\t\t\t\t<\/div>\n\t\t<\/div>\n\t\t\t\t\t<\/div>\n\t\t<\/section>\n\t\t<div class=\"elementor-element elementor-element-6861af9 e-flex e-con-boxed e-con e-parent\" data-id=\"6861af9\" data-element_type=\"container\" data-e-type=\"container\">\n\t\t\t\t\t<div class=\"e-con-inner\">\n\t\t\t\t<div class=\"elementor-element elementor-element-62ab8ef elementor-widget elementor-widget-text-editor\" data-id=\"62ab8ef\" data-element_type=\"widget\" data-e-type=\"widget\" data-widget_type=\"text-editor.default\">\n\t\t\t\t<div class=\"elementor-widget-container\">\n\t\t\t\t\t\t\t\t\t<h4><strong>Data management conference<\/strong><\/h4><p>Jelen adatkezel\u00e9si t\u00e1j\u00e9koztat\u00f3 c\u00e9lja, hogy a <strong>Hiranya Massage &amp; Spa<\/strong> (\u00fczemeltet\u0151: <strong>WestTeam Biotech Kft.<\/strong>, sz\u00e9khely: 7621 P\u00e9cs, Papn\u00f6velde u. 45.) vend\u00e9geit t\u00e1j\u00e9koztassa a szem\u00e9lyes adatok kezel\u00e9s\u00e9nek m\u00f3dj\u00e1r\u00f3l, c\u00e9lj\u00e1r\u00f3l \u00e9s jogalapj\u00e1r\u00f3l, \u00f6sszhangban az Eur\u00f3pai Parlament \u00e9s a Tan\u00e1cs (EU) 2016\/679 rendelet\u00e9vel (GDPR).<\/p><h5><strong>1. Az adatkezel\u0151 adatai<\/strong><\/h5><ul><li><strong>Adatkezel\u0151:<\/strong> WestTeam Biotech Kft.<\/li><li><strong>Sz\u00e9khely:<\/strong> 7621 P\u00e9cs, Papn\u00f6velde u. 45.<\/li><li><strong>E-mail:<\/strong> (kit\u00f6ltend\u0151)<\/li><li><strong>Weboldal:<\/strong> www.anniethaispa.hu<\/li><\/ul><h5><strong>2. Kezelt adatok k\u00f6re<\/strong><\/h5><p>A Szolg\u00e1ltat\u00f3 az al\u00e1bbi szem\u00e9lyes adatokat kezelheti:<\/p><ul><li>n\u00e9v;<\/li><li>e-mail c\u00edm;<\/li><li>telefonsz\u00e1m;<\/li><li>foglal\u00e1si adatok (id\u0151pont, v\u00e1lasztott szolg\u00e1ltat\u00e1s);<\/li><li>sz\u00e1ml\u00e1z\u00e1si adatok (mag\u00e1nszem\u00e9ly vagy c\u00e9g eset\u00e9n megadott adatok);<\/li><li>bankk\u00e1rty\u00e1s fizet\u00e9shez kapcsol\u00f3d\u00f3 tranzakci\u00f3s adatok (a k\u00e1rtyaadatok a Szolg\u00e1ltat\u00f3hoz nem jutnak el);<\/li><li>eg\u00e9szs\u00e9gi nyilatkozat elfogad\u00e1s\u00e1nak t\u00e9nye.<\/li><\/ul><h5><strong>3. Az adatkezel\u00e9s c\u00e9lja<\/strong><\/h5><p>Az adatkezel\u00e9s c\u00e9lja:<\/p><ul><li>id\u0151pontfoglal\u00e1s r\u00f6gz\u00edt\u00e9se \u00e9s kezel\u00e9se;<\/li><li>a szolg\u00e1ltat\u00e1s teljes\u00edt\u00e9se;<\/li><li>kapcsolattart\u00e1s a Vend\u00e9ggel;<\/li><li>sz\u00e1mla ki\u00e1ll\u00edt\u00e1sa \u00e9s megk\u00fcld\u00e9se;<\/li><li>jogszab\u00e1lyi k\u00f6telezetts\u00e9gek teljes\u00edt\u00e9se;<\/li><li>panaszkezel\u00e9s;<\/li><li>hozz\u00e1j\u00e1rul\u00e1s eset\u00e9n h\u00edrlev\u00e9l k\u00fcld\u00e9se.<\/li><\/ul><h5><strong>4. Az adatkezel\u00e9s jogalapja<\/strong><\/h5><p>Az adatkezel\u00e9s jogalapja:<\/p><ul><li>szerz\u0151d\u00e9s teljes\u00edt\u00e9se (GDPR 6. cikk (1) b));<\/li><li>jogi k\u00f6telezetts\u00e9g teljes\u00edt\u00e9se (GDPR 6. cikk (1) c));<\/li><li>az \u00e9rintett hozz\u00e1j\u00e1rul\u00e1sa (GDPR 6. cikk (1) a));<\/li><li>az adatkezel\u0151 jogos \u00e9rdeke (GDPR 6. cikk (1) f)).<\/li><\/ul><h5><strong>5. Az adatok meg\u0151rz\u00e9s\u00e9nek ideje<\/strong><\/h5><p>A Szolg\u00e1ltat\u00f3 a szem\u00e9lyes adatokat:<\/p><ul><li>a szerz\u0151d\u00e9ses kapcsolat fenn\u00e1ll\u00e1sa alatt;<\/li><li>sz\u00e1mviteli adatok eset\u00e9n a jogszab\u00e1lyban el\u0151\u00edrt ideig;<\/li><li>panaszkezel\u00e9ssel kapcsolatos adatok eset\u00e9n 5 \u00e9vig;<\/li><li>h\u00edrlev\u00e9l-adatokat a hozz\u00e1j\u00e1rul\u00e1s visszavon\u00e1s\u00e1ig kezeli.<\/li><\/ul><h5><strong>6. Adattov\u00e1bb\u00edt\u00e1s, adatfeldolgoz\u00f3k<\/strong><\/h5><p>A Szolg\u00e1ltat\u00f3 az adatokat az al\u00e1bbi adatfeldolgoz\u00f3knak tov\u00e1bb\u00edthatja:<\/p><ul><li>online foglal\u00e1si rendszer szolg\u00e1ltat\u00f3ja;<\/li><li>bankk\u00e1rty\u00e1s fizet\u00e9si szolg\u00e1ltat\u00f3;<\/li><li>sz\u00e1ml\u00e1z\u00f3program szolg\u00e1ltat\u00f3ja;<\/li><li>t\u00e1rhelyszolg\u00e1ltat\u00f3.<\/li><\/ul><p>Az adatfeldolgoz\u00f3k az adatokat kiz\u00e1r\u00f3lag a Szolg\u00e1ltat\u00f3 utas\u00edt\u00e1sai alapj\u00e1n kezelik.<\/p><h5><strong>7. Az \u00e9rintett jogai<\/strong><\/h5><p>Az \u00e9rintett jogosult:<\/p><ul><li>t\u00e1j\u00e9koztat\u00e1st k\u00e9rni szem\u00e9lyes adatai kezel\u00e9s\u00e9r\u0151l;<\/li><li>k\u00e9rni adatai helyesb\u00edt\u00e9s\u00e9t;<\/li><li>k\u00e9rni adatai t\u00f6rl\u00e9s\u00e9t;<\/li><li>k\u00e9rni az adatkezel\u00e9s korl\u00e1toz\u00e1s\u00e1t;<\/li><li>tiltakozni az adatkezel\u00e9s ellen;<\/li><li>adathordozhat\u00f3s\u00e1ghoz val\u00f3 jogot gyakorolni;<\/li><li>panaszt beny\u00fajtani a Nemzeti Adatv\u00e9delmi \u00e9s Inform\u00e1ci\u00f3szabads\u00e1g Hat\u00f3s\u00e1gn\u00e1l (NAIH).<\/li><\/ul><h5><strong>8. Adatbiztons\u00e1g<\/strong><\/h5><p>A Szolg\u00e1ltat\u00f3 megfelel\u0151 technikai \u00e9s szervez\u00e9si int\u00e9zked\u00e9sekkel gondoskodik a szem\u00e9lyes adatok v\u00e9delm\u00e9r\u0151l.<\/p><h5><strong>9. Z\u00e1r\u00f3 rendelkez\u00e9sek<\/strong><\/h5><p>Jelen adatkezel\u00e9si t\u00e1j\u00e9koztat\u00f3 a Szolg\u00e1ltat\u00f3 weboldal\u00e1n el\u00e9rhet\u0151, \u00e9s a szolg\u00e1ltat\u00e1s ig\u00e9nybev\u00e9tel\u00e9vel a Vend\u00e9g tudom\u00e1sul veszi annak tartalm\u00e1t.<\/p>\t\t\t\t\t\t\t\t<\/div>\n\t\t\t\t<\/div>\n\t\t\t\t\t<\/div>\n\t\t\t\t<\/div>\n\t\t\t\t<\/div>","protected":false},"excerpt":{"rendered":"<p>Home \/ Adatkezel\u00e9si t\u00e1j\u00e9koztat\u00f3 Adatkezel\u00e9si t\u00e1j\u00e9koztat\u00f3 Adatkezel\u00e9si t\u00e1j\u00e9koztat\u00f3 Jelen adatkezel\u00e9si t\u00e1j\u00e9koztat\u00f3 c\u00e9lja, hogy a Hiranya Massage &amp; Spa (\u00fczemeltet\u0151: WestTeam Biotech Kft., sz\u00e9khely: 7621 P\u00e9cs, Papn\u00f6velde u. 45.) vend\u00e9geit t\u00e1j\u00e9koztassa a szem\u00e9lyes adatok kezel\u00e9s\u00e9nek m\u00f3dj\u00e1r\u00f3l, c\u00e9lj\u00e1r\u00f3l \u00e9s jogalapj\u00e1r\u00f3l, \u00f6sszhangban az Eur\u00f3pai Parlament \u00e9s a Tan\u00e1cs (EU) 2016\/679 rendelet\u00e9vel (GDPR). 1. Az adatkezel\u0151 adatai Adatkezel\u0151: WestTeam [&hellip;]<\/p>\n","protected":false},"author":1,"featured_media":0,"parent":0,"menu_order":0,"comment_status":"closed","ping_status":"closed","template":"elementor_header_footer","meta":{"footnotes":""},"class_list":["post-698","page","type-page","status-publish","hentry"],"yoast_head":"<!-- This site is optimized with the Yoast SEO plugin v27.3 - https:\/\/yoast.com\/product\/yoast-seo-wordpress\/ -->\n<title>Adatkezel\u00e9si t\u00e1j\u00e9koztat\u00f3 - Annie Thai Spa<\/title>\n<meta name=\"robots\" content=\"index, follow, max-snippet:-1, max-image-preview:large, max-video-preview:-1\" \/>\n<link rel=\"canonical\" href=\"https:\/\/anniethaispa.hu\/en\/adatkezelesi-tajekoztato\/\" \/>\n<meta property=\"og:locale\" content=\"en_US\" \/>\n<meta property=\"og:type\" content=\"article\" \/>\n<meta property=\"og:title\" content=\"Adatkezel\u00e9si t\u00e1j\u00e9koztat\u00f3 - Annie Thai Spa\" \/>\n<meta property=\"og:description\" content=\"Home \/ Adatkezel\u00e9si t\u00e1j\u00e9koztat\u00f3 Adatkezel\u00e9si t\u00e1j\u00e9koztat\u00f3 Adatkezel\u00e9si t\u00e1j\u00e9koztat\u00f3 Jelen adatkezel\u00e9si t\u00e1j\u00e9koztat\u00f3 c\u00e9lja, hogy a Hiranya Massage &amp; Spa (\u00fczemeltet\u0151: WestTeam Biotech Kft., sz\u00e9khely: 7621 P\u00e9cs, Papn\u00f6velde u. 45.) vend\u00e9geit t\u00e1j\u00e9koztassa a szem\u00e9lyes adatok kezel\u00e9s\u00e9nek m\u00f3dj\u00e1r\u00f3l, c\u00e9lj\u00e1r\u00f3l \u00e9s jogalapj\u00e1r\u00f3l, \u00f6sszhangban az Eur\u00f3pai Parlament \u00e9s a Tan\u00e1cs (EU) 2016\/679 rendelet\u00e9vel (GDPR). 1. Az adatkezel\u0151 adatai Adatkezel\u0151: WestTeam [&hellip;]\" \/>\n<meta property=\"og:url\" content=\"https:\/\/anniethaispa.hu\/en\/adatkezelesi-tajekoztato\/\" \/>\n<meta property=\"og:site_name\" content=\"Annie Thai Spa\" \/>\n<meta property=\"article:modified_time\" content=\"2026-01-19T12:35:54+00:00\" \/>\n<meta name=\"twitter:card\" content=\"summary_large_image\" \/>\n<meta name=\"twitter:label1\" content=\"Est. reading time\" \/>\n\t<meta name=\"twitter:data1\" content=\"3 minutes\" \/>\n<script type=\"application\/ld+json\" class=\"yoast-schema-graph\">{\"@context\":\"https:\\\/\\\/schema.org\",\"@graph\":[{\"@type\":\"WebPage\",\"@id\":\"https:\\\/\\\/anniethaispa.hu\\\/adatkezelesi-tajekoztato\\\/\",\"url\":\"https:\\\/\\\/anniethaispa.hu\\\/adatkezelesi-tajekoztato\\\/\",\"name\":\"Adatkezel\u00e9si t\u00e1j\u00e9koztat\u00f3 - Annie Thai Spa\",\"isPartOf\":{\"@id\":\"https:\\\/\\\/anniethaispa.hu\\\/#website\"},\"datePublished\":\"2026-01-16T14:47:29+00:00\",\"dateModified\":\"2026-01-19T12:35:54+00:00\",\"breadcrumb\":{\"@id\":\"https:\\\/\\\/anniethaispa.hu\\\/adatkezelesi-tajekoztato\\\/#breadcrumb\"},\"inLanguage\":\"en-US\",\"potentialAction\":[{\"@type\":\"ReadAction\",\"target\":[\"https:\\\/\\\/anniethaispa.hu\\\/adatkezelesi-tajekoztato\\\/\"]}]},{\"@type\":\"BreadcrumbList\",\"@id\":\"https:\\\/\\\/anniethaispa.hu\\\/adatkezelesi-tajekoztato\\\/#breadcrumb\",\"itemListElement\":[{\"@type\":\"ListItem\",\"position\":1,\"name\":\"Home\",\"item\":\"https:\\\/\\\/anniethaispa.hu\\\/\"},{\"@type\":\"ListItem\",\"position\":2,\"name\":\"Adatkezel\u00e9si t\u00e1j\u00e9koztat\u00f3\"}]},{\"@type\":\"WebSite\",\"@id\":\"https:\\\/\\\/anniethaispa.hu\\\/#website\",\"url\":\"https:\\\/\\\/anniethaispa.hu\\\/\",\"name\":\"Annie Thai Spa\",\"description\":\"THAI MASSAGE &amp; SPA\",\"publisher\":{\"@id\":\"https:\\\/\\\/anniethaispa.hu\\\/#organization\"},\"potentialAction\":[{\"@type\":\"SearchAction\",\"target\":{\"@type\":\"EntryPoint\",\"urlTemplate\":\"https:\\\/\\\/anniethaispa.hu\\\/?s={search_term_string}\"},\"query-input\":{\"@type\":\"PropertyValueSpecification\",\"valueRequired\":true,\"valueName\":\"search_term_string\"}}],\"inLanguage\":\"en-US\"},{\"@type\":\"Organization\",\"@id\":\"https:\\\/\\\/anniethaispa.hu\\\/#organization\",\"name\":\"Annie Thai Spa\",\"url\":\"https:\\\/\\\/anniethaispa.hu\\\/\",\"logo\":{\"@type\":\"ImageObject\",\"inLanguage\":\"en-US\",\"@id\":\"https:\\\/\\\/anniethaispa.hu\\\/#\\\/schema\\\/logo\\\/image\\\/\",\"url\":\"https:\\\/\\\/anniethaispa.hu\\\/wp-content\\\/uploads\\\/2026\\\/01\\\/logo-favi.webp\",\"contentUrl\":\"https:\\\/\\\/anniethaispa.hu\\\/wp-content\\\/uploads\\\/2026\\\/01\\\/logo-favi.webp\",\"width\":756,\"height\":666,\"caption\":\"Annie Thai Spa\"},\"image\":{\"@id\":\"https:\\\/\\\/anniethaispa.hu\\\/#\\\/schema\\\/logo\\\/image\\\/\"}}]}<\/script>\n<!-- \/ Yoast SEO plugin. -->","yoast_head_json":{"title":"Adatkezel\u00e9si t\u00e1j\u00e9koztat\u00f3 - Annie Thai Spa","robots":{"index":"index","follow":"follow","max-snippet":"max-snippet:-1","max-image-preview":"max-image-preview:large","max-video-preview":"max-video-preview:-1"},"canonical":"https:\/\/anniethaispa.hu\/en\/adatkezelesi-tajekoztato\/","og_locale":"en_US","og_type":"article","og_title":"Adatkezel\u00e9si t\u00e1j\u00e9koztat\u00f3 - Annie Thai Spa","og_description":"Home \/ Adatkezel\u00e9si t\u00e1j\u00e9koztat\u00f3 Adatkezel\u00e9si t\u00e1j\u00e9koztat\u00f3 Adatkezel\u00e9si t\u00e1j\u00e9koztat\u00f3 Jelen adatkezel\u00e9si t\u00e1j\u00e9koztat\u00f3 c\u00e9lja, hogy a Hiranya Massage &amp; Spa (\u00fczemeltet\u0151: WestTeam Biotech Kft., sz\u00e9khely: 7621 P\u00e9cs, Papn\u00f6velde u. 45.) vend\u00e9geit t\u00e1j\u00e9koztassa a szem\u00e9lyes adatok kezel\u00e9s\u00e9nek m\u00f3dj\u00e1r\u00f3l, c\u00e9lj\u00e1r\u00f3l \u00e9s jogalapj\u00e1r\u00f3l, \u00f6sszhangban az Eur\u00f3pai Parlament \u00e9s a Tan\u00e1cs (EU) 2016\/679 rendelet\u00e9vel (GDPR). 1. Az adatkezel\u0151 adatai Adatkezel\u0151: WestTeam [&hellip;]","og_url":"https:\/\/anniethaispa.hu\/en\/adatkezelesi-tajekoztato\/","og_site_name":"Annie Thai Spa","article_modified_time":"2026-01-19T12:35:54+00:00","twitter_card":"summary_large_image","twitter_misc":{"Est. reading time":"3 minutes"},"schema":{"@context":"https:\/\/schema.org","@graph":[{"@type":"WebPage","@id":"https:\/\/anniethaispa.hu\/adatkezelesi-tajekoztato\/","url":"https:\/\/anniethaispa.hu\/adatkezelesi-tajekoztato\/","name":"Adatkezel\u00e9si t\u00e1j\u00e9koztat\u00f3 - Annie Thai Spa","isPartOf":{"@id":"https:\/\/anniethaispa.hu\/#website"},"datePublished":"2026-01-16T14:47:29+00:00","dateModified":"2026-01-19T12:35:54+00:00","breadcrumb":{"@id":"https:\/\/anniethaispa.hu\/adatkezelesi-tajekoztato\/#breadcrumb"},"inLanguage":"en-US","potentialAction":[{"@type":"ReadAction","target":["https:\/\/anniethaispa.hu\/adatkezelesi-tajekoztato\/"]}]},{"@type":"BreadcrumbList","@id":"https:\/\/anniethaispa.hu\/adatkezelesi-tajekoztato\/#breadcrumb","itemListElement":[{"@type":"ListItem","position":1,"name":"Home","item":"https:\/\/anniethaispa.hu\/"},{"@type":"ListItem","position":2,"name":"Adatkezel\u00e9si t\u00e1j\u00e9koztat\u00f3"}]},{"@type":"WebSite","@id":"https:\/\/anniethaispa.hu\/#website","url":"https:\/\/anniethaispa.hu\/","name":"Annie Thai Spa","description":"THAI MASSAGE &amp; SPA","publisher":{"@id":"https:\/\/anniethaispa.hu\/#organization"},"potentialAction":[{"@type":"SearchAction","target":{"@type":"EntryPoint","urlTemplate":"https:\/\/anniethaispa.hu\/?s={search_term_string}"},"query-input":{"@type":"PropertyValueSpecification","valueRequired":true,"valueName":"search_term_string"}}],"inLanguage":"en-US"},{"@type":"Organization","@id":"https:\/\/anniethaispa.hu\/#organization","name":"Annie Thai Spa","url":"https:\/\/anniethaispa.hu\/","logo":{"@type":"ImageObject","inLanguage":"en-US","@id":"https:\/\/anniethaispa.hu\/#\/schema\/logo\/image\/","url":"https:\/\/anniethaispa.hu\/wp-content\/uploads\/2026\/01\/logo-favi.webp","contentUrl":"https:\/\/anniethaispa.hu\/wp-content\/uploads\/2026\/01\/logo-favi.webp","width":756,"height":666,"caption":"Annie Thai Spa"},"image":{"@id":"https:\/\/anniethaispa.hu\/#\/schema\/logo\/image\/"}}]}},"_links":{"self":[{"href":"https:\/\/anniethaispa.hu\/en\/wp-json\/wp\/v2\/pages\/698","targetHints":{"allow":["GET"]}}],"collection":[{"href":"https:\/\/anniethaispa.hu\/en\/wp-json\/wp\/v2\/pages"}],"about":[{"href":"https:\/\/anniethaispa.hu\/en\/wp-json\/wp\/v2\/types\/page"}],"author":[{"embeddable":true,"href":"https:\/\/anniethaispa.hu\/en\/wp-json\/wp\/v2\/users\/1"}],"replies":[{"embeddable":true,"href":"https:\/\/anniethaispa.hu\/en\/wp-json\/wp\/v2\/comments?post=698"}],"version-history":[{"count":7,"href":"https:\/\/anniethaispa.hu\/en\/wp-json\/wp\/v2\/pages\/698\/revisions"}],"predecessor-version":[{"id":748,"href":"https:\/\/anniethaispa.hu\/en\/wp-json\/wp\/v2\/pages\/698\/revisions\/748"}],"wp:attachment":[{"href":"https:\/\/anniethaispa.hu\/en\/wp-json\/wp\/v2\/media?parent=698"}],"curies":[{"name":"wp","href":"https:\/\/api.w.org\/{rel}","templated":true}]}}