{"id":624,"date":"2026-01-15T18:03:18","date_gmt":"2026-01-15T18:03:18","guid":{"rendered":"https:\/\/thaimassage.rwpstaging.site\/?page_id=624"},"modified":"2026-01-27T23:24:49","modified_gmt":"2026-01-27T23:24:49","slug":"filozofia-hogyan-dolgozom","status":"publish","type":"page","link":"https:\/\/anniethaispa.hu\/en\/filozofia-hogyan-dolgozom\/","title":{"rendered":"Philosophy \u2013 How I work?"},"content":{"rendered":"<div data-elementor-type=\"wp-page\" data-elementor-id=\"624\" class=\"elementor elementor-624\" data-elementor-post-type=\"page\">\n\t\t\t\t\t\t<section class=\"elementor-section elementor-top-section elementor-element elementor-element-5895da8c elementor-section-boxed elementor-section-height-default elementor-section-height-default\" data-id=\"5895da8c\" data-element_type=\"section\" data-e-type=\"section\" data-settings=\"{&quot;background_background&quot;:&quot;classic&quot;}\">\n\t\t\t\t\t\t\t<div class=\"elementor-background-overlay\"><\/div>\n\t\t\t\t\t\t\t<div class=\"elementor-container elementor-column-gap-default\">\n\t\t\t\t\t<div class=\"elementor-column elementor-col-100 elementor-top-column elementor-element elementor-element-4d21885e\" data-id=\"4d21885e\" data-element_type=\"column\" data-e-type=\"column\">\n\t\t\t<div class=\"elementor-widget-wrap elementor-element-populated\">\n\t\t\t\t\t\t<div class=\"elementor-element elementor-element-6a47a08a elementor-widget__width-auto elementor-icon-list--layout-traditional elementor-list-item-link-full_width elementor-widget elementor-widget-icon-list\" data-id=\"6a47a08a\" data-element_type=\"widget\" data-e-type=\"widget\" data-widget_type=\"icon-list.default\">\n\t\t\t\t<div class=\"elementor-widget-container\">\n\t\t\t\t\t\t\t<ul class=\"elementor-icon-list-items\">\n\t\t\t\t\t\t\t<li class=\"elementor-icon-list-item\">\n\t\t\t\t\t\t\t\t\t\t\t<a href=\"#\">\n\n\t\t\t\t\t\t\t\t\t\t\t<span class=\"elementor-icon-list-text\">Home<\/span>\n\t\t\t\t\t\t\t\t\t\t\t<\/a>\n\t\t\t\t\t\t\t\t\t<\/li>\n\t\t\t\t\t\t<\/ul>\n\t\t\t\t\t\t<\/div>\n\t\t\t\t<\/div>\n\t\t\t\t<div class=\"elementor-element elementor-element-619bec69 elementor-widget__width-auto elementor-widget elementor-widget-heading\" data-id=\"619bec69\" data-element_type=\"widget\" data-e-type=\"widget\" data-widget_type=\"heading.default\">\n\t\t\t\t<div class=\"elementor-widget-container\">\n\t\t\t\t\t<h2 class=\"elementor-heading-title elementor-size-default\">\/<\/h2>\t\t\t\t<\/div>\n\t\t\t\t<\/div>\n\t\t\t\t<div class=\"elementor-element elementor-element-155f26d4 elementor-widget__width-auto elementor-icon-list--layout-traditional elementor-list-item-link-full_width elementor-widget elementor-widget-icon-list\" data-id=\"155f26d4\" data-element_type=\"widget\" data-e-type=\"widget\" data-widget_type=\"icon-list.default\">\n\t\t\t\t<div class=\"elementor-widget-container\">\n\t\t\t\t\t\t\t<ul class=\"elementor-icon-list-items\">\n\t\t\t\t\t\t\t<li class=\"elementor-icon-list-item\">\n\t\t\t\t\t\t\t\t\t\t<span class=\"elementor-icon-list-text\">Philosophy - How I work?<\/span>\n\t\t\t\t\t\t\t\t\t<\/li>\n\t\t\t\t\t\t<\/ul>\n\t\t\t\t\t\t<\/div>\n\t\t\t\t<\/div>\n\t\t\t\t<div class=\"elementor-element elementor-element-35d254fe elementor-widget elementor-widget-heading\" data-id=\"35d254fe\" data-element_type=\"widget\" data-e-type=\"widget\" data-widget_type=\"heading.default\">\n\t\t\t\t<div class=\"elementor-widget-container\">\n\t\t\t\t\t<h2 class=\"elementor-heading-title elementor-size-default\">Philosophy - How I work?<\/h2>\t\t\t\t<\/div>\n\t\t\t\t<\/div>\n\t\t\t\t\t<\/div>\n\t\t<\/div>\n\t\t\t\t\t<\/div>\n\t\t<\/section>\n\t\t\t\t<section class=\"elementor-section elementor-top-section elementor-element elementor-element-704f6947 elementor-section-boxed elementor-section-height-default elementor-section-height-default\" data-id=\"704f6947\" data-element_type=\"section\" data-e-type=\"section\">\n\t\t\t\t\t\t<div class=\"elementor-container elementor-column-gap-default\">\n\t\t\t\t\t<div class=\"elementor-column elementor-col-50 elementor-top-column elementor-element elementor-element-5262bc40\" data-id=\"5262bc40\" data-element_type=\"column\" data-e-type=\"column\">\n\t\t\t<div class=\"elementor-widget-wrap elementor-element-populated\">\n\t\t\t\t\t\t<div class=\"elementor-element elementor-element-6d2eb0f elementor-widget elementor-widget-image\" data-id=\"6d2eb0f\" data-element_type=\"widget\" data-e-type=\"widget\" data-widget_type=\"image.default\">\n\t\t\t\t<div class=\"elementor-widget-container\">\n\t\t\t\t\t\t\t\t\t\t\t\t\t\t\t<img fetchpriority=\"high\" decoding=\"async\" width=\"1536\" height=\"750\" src=\"https:\/\/anniethaispa.hu\/wp-content\/uploads\/2026\/01\/hiranya-cover.webp\" class=\"attachment-full size-full wp-image-626\" alt=\"\" srcset=\"https:\/\/anniethaispa.hu\/wp-content\/uploads\/2026\/01\/hiranya-cover.webp 1536w, https:\/\/anniethaispa.hu\/wp-content\/uploads\/2026\/01\/hiranya-cover-300x146.webp 300w, https:\/\/anniethaispa.hu\/wp-content\/uploads\/2026\/01\/hiranya-cover-1024x500.webp 1024w, https:\/\/anniethaispa.hu\/wp-content\/uploads\/2026\/01\/hiranya-cover-768x375.webp 768w, https:\/\/anniethaispa.hu\/wp-content\/uploads\/2026\/01\/hiranya-cover-600x293.webp 600w\" sizes=\"(max-width: 1536px) 100vw, 1536px\" \/>\t\t\t\t\t\t\t\t\t\t\t\t\t\t\t<\/div>\n\t\t\t\t<\/div>\n\t\t\t\t\t<\/div>\n\t\t<\/div>\n\t\t\t\t<div class=\"elementor-column elementor-col-50 elementor-top-column elementor-element elementor-element-600c1404\" data-id=\"600c1404\" data-element_type=\"column\" data-e-type=\"column\">\n\t\t\t<div class=\"elementor-widget-wrap elementor-element-populated\">\n\t\t\t\t\t\t<div class=\"elementor-element elementor-element-5f24a0d8 elementor-widget elementor-widget-heading\" data-id=\"5f24a0d8\" data-element_type=\"widget\" data-e-type=\"widget\" data-widget_type=\"heading.default\">\n\t\t\t\t<div class=\"elementor-widget-container\">\n\t\t\t\t\t<h3 class=\"elementor-heading-title elementor-size-default\">Premium attention, real presence<\/h3>\t\t\t\t<\/div>\n\t\t\t\t<\/div>\n\t\t\t\t<div class=\"elementor-element elementor-element-66dc6a82 elementor-widget elementor-widget-text-editor\" data-id=\"66dc6a82\" data-element_type=\"widget\" data-e-type=\"widget\" data-widget_type=\"text-editor.default\">\n\t\t\t\t<div class=\"elementor-widget-container\">\n\t\t\t\t\t\t\t\t\t<p>The Hirany\u00e1ban the massage non-pipelined service.<\/p>\t\t\t\t\t\t\t\t<\/div>\n\t\t\t\t<\/div>\n\t\t\t\t<div class=\"elementor-element elementor-element-1f70114d elementor-widget elementor-widget-heading\" data-id=\"1f70114d\" data-element_type=\"widget\" data-e-type=\"widget\" data-widget_type=\"heading.default\">\n\t\t\t\t<div class=\"elementor-widget-container\">\n\t\t\t\t\t<h2 class=\"elementor-heading-title elementor-size-default\">A guest, a treatment, full attention.<\/h2>\t\t\t\t<\/div>\n\t\t\t\t<\/div>\n\t\t\t\t<div class=\"elementor-element elementor-element-352f057b elementor-widget elementor-widget-text-editor\" data-id=\"352f057b\" data-element_type=\"widget\" data-e-type=\"widget\" data-widget_type=\"text-editor.default\">\n\t\t\t\t<div class=\"elementor-widget-container\">\n\t\t\t\t\t\t\t\t\t<p>Every treatment to the individual status survey and customize a build, the purpose of the long-term welfare support.<\/p>\t\t\t\t\t\t\t\t<\/div>\n\t\t\t\t<\/div>\n\t\t\t\t\t<\/div>\n\t\t<\/div>\n\t\t\t\t\t<\/div>\n\t\t<\/section>\n\t\t\t\t<section class=\"elementor-section elementor-top-section elementor-element elementor-element-749364b8 elementor-section-boxed elementor-section-height-default elementor-section-height-default\" data-id=\"749364b8\" data-element_type=\"section\" data-e-type=\"section\">\n\t\t\t\t\t\t<div class=\"elementor-container elementor-column-gap-default\">\n\t\t\t\t\t<div class=\"elementor-column elementor-col-50 elementor-top-column elementor-element elementor-element-2a65e702\" data-id=\"2a65e702\" data-element_type=\"column\" data-e-type=\"column\">\n\t\t\t<div class=\"elementor-widget-wrap elementor-element-populated\">\n\t\t\t\t\t\t<div class=\"elementor-element elementor-element-70ce7b79 elementor-widget elementor-widget-heading\" data-id=\"70ce7b79\" data-element_type=\"widget\" data-e-type=\"widget\" data-widget_type=\"heading.default\">\n\t\t\t\t<div class=\"elementor-widget-container\">\n\t\t\t\t\t<h3 class=\"elementor-heading-title elementor-size-default\">Philosophy \u2013 premium attention, real easy<\/h3>\t\t\t\t<\/div>\n\t\t\t\t<\/div>\n\t\t\t\t<div class=\"elementor-element elementor-element-978cf4a elementor-widget elementor-widget-text-editor\" data-id=\"978cf4a\" data-element_type=\"widget\" data-e-type=\"widget\" data-widget_type=\"text-editor.default\">\n\t\t\t\t<div class=\"elementor-widget-container\">\n\t\t\t\t\t\t\t\t\t<p>I believe that massage is not meant to be a service, but <strong>custom account and conscious presence-based process<\/strong>. Accordingly, the <strong>Hiranya<\/strong> salon <strong>at a time only a guest, I bet<\/strong>and the massage in the room all the time a guest is staying. This ensures complete peace of mind, the intimacy and the undivided attention, which is essential for the truly effective and deep relaxation providing treatment.<\/p>\t\t\t\t\t\t\t\t<\/div>\n\t\t\t\t<\/div>\n\t\t\t\t<div class=\"elementor-element elementor-element-9620977 elementor-widget elementor-widget-text-editor\" data-id=\"9620977\" data-element_type=\"widget\" data-e-type=\"widget\" data-widget_type=\"text-editor.default\">\n\t\t\t\t<div class=\"elementor-widget-container\">\n\t\t\t\t\t\t\t\t\t<p>Before each treatment, it is important for me in the guest's current physical condition, load carrying capacity and the individual needs of familiarization. The treatments applied techniques to accommodate me, so the massage is not only a pleasant experience, but in a targeted way to support the body's regeneration and restore the balance.<\/p>\t\t\t\t\t\t\t\t<\/div>\n\t\t\t\t<\/div>\n\t\t\t\t<div class=\"elementor-element elementor-element-ef1783f elementor-widget elementor-widget-heading\" data-id=\"ef1783f\" data-element_type=\"widget\" data-e-type=\"widget\" data-widget_type=\"heading.default\">\n\t\t\t\t<div class=\"elementor-widget-container\">\n\t\t\t\t\t<h2 class=\"elementor-heading-title elementor-size-default\">The traditional thai massage for me, a holistic approach, which is the body, the flow of energy and mental balance and harmony of the building. This traditional knowledge combines a modern, guest-centric thinking, where the aim is not only relaxing, but also the <b>long-term welfare support.<\/b><\/h2>\t\t\t\t<\/div>\n\t\t\t\t<\/div>\n\t\t\t\t<div class=\"elementor-element elementor-element-38cb8576 elementor-widget elementor-widget-text-editor\" data-id=\"38cb8576\" data-element_type=\"widget\" data-e-type=\"widget\" data-widget_type=\"text-editor.default\">\n\t\t\t\t<div class=\"elementor-widget-container\">\n\t\t\t\t\t\t\t\t\t<p>Such a calm, safe environment, I would like to create, where guests can actually stand, recharge, and full attention they get because of the <strong>Hiranya<\/strong> for me, it's not just a name, but a quality promise.<\/p>\t\t\t\t\t\t\t\t<\/div>\n\t\t\t\t<\/div>\n\t\t\t\t\t<\/div>\n\t\t<\/div>\n\t\t\t\t<div class=\"elementor-column elementor-col-50 elementor-top-column elementor-element elementor-element-e4a4c70\" data-id=\"e4a4c70\" data-element_type=\"column\" data-e-type=\"column\">\n\t\t\t<div class=\"elementor-widget-wrap elementor-element-populated\">\n\t\t\t\t\t\t<div class=\"elementor-element elementor-element-763146 elementor-widget elementor-widget-image\" data-id=\"763146\" data-element_type=\"widget\" data-e-type=\"widget\" data-widget_type=\"image.default\">\n\t\t\t\t<div class=\"elementor-widget-container\">\n\t\t\t\t\t\t\t\t\t\t\t\t\t\t\t<img decoding=\"async\" width=\"750\" height=\"1000\" src=\"https:\/\/anniethaispa.hu\/wp-content\/uploads\/2026\/01\/hiranya-masszazs-02.webp\" class=\"attachment-full size-full wp-image-630\" alt=\"\" srcset=\"https:\/\/anniethaispa.hu\/wp-content\/uploads\/2026\/01\/hiranya-masszazs-02.webp 750w, https:\/\/anniethaispa.hu\/wp-content\/uploads\/2026\/01\/hiranya-masszazs-02-225x300.webp 225w, https:\/\/anniethaispa.hu\/wp-content\/uploads\/2026\/01\/hiranya-masszazs-02-600x800.webp 600w\" sizes=\"(max-width: 750px) 100vw, 750px\" \/>\t\t\t\t\t\t\t\t\t\t\t\t\t\t\t<\/div>\n\t\t\t\t<\/div>\n\t\t\t\t\t<\/div>\n\t\t<\/div>\n\t\t\t\t\t<\/div>\n\t\t<\/section>\n\t\t\t\t<\/div>","protected":false},"excerpt":{"rendered":"<p>Home \/ Filoz\u00f3fia &#8211; Hogyan dolgozom? Filoz\u00f3fia &#8211; Hogyan dolgozom? Pr\u00e9mium figyelem, val\u00f3di jelenl\u00e9t A Hirany\u00e1ban a massz\u00e1zs nem fut\u00f3szalagos szolg\u00e1ltat\u00e1s. Egy vend\u00e9g, egy kezel\u00e9s, teljes figyelem. Minden kezel\u00e9s az egy\u00e9ni \u00e1llapotfelm\u00e9r\u00e9sre \u00e9s szem\u00e9lyre szab\u00e1sra \u00e9p\u00fcl, a c\u00e9l a hossz\u00fa t\u00e1v\u00fa j\u00f3ll\u00e9t t\u00e1mogat\u00e1sa. Filoz\u00f3fia \u2013 pr\u00e9mium figyelem, val\u00f3di nyugalom Hiszem, hogy a massz\u00e1zs nem sablonos [&hellip;]<\/p>\n","protected":false},"author":1,"featured_media":0,"parent":0,"menu_order":0,"comment_status":"closed","ping_status":"closed","template":"elementor_header_footer","meta":{"footnotes":""},"class_list":["post-624","page","type-page","status-publish","hentry"],"yoast_head":"<!-- This site is optimized with the Yoast SEO plugin v27.3 - https:\/\/yoast.com\/product\/yoast-seo-wordpress\/ -->\n<title>Filoz\u00f3fia \u2013 Hogyan Dolgozom? | Annie Thai Spa<\/title>\n<meta name=\"description\" content=\"Hogyan dolgozom? Egy\u00e9ni \u00e1llapotfelm\u00e9r\u00e9s, teljes figyelem, holisztikus szeml\u00e9let. Annie Thai Spa P\u00e9cs \u2013 pr\u00e9mium thai massz\u00e1zs szem\u00e9lyre szabva. Foglaljon most!\" \/>\n<meta name=\"robots\" content=\"index, follow, max-snippet:-1, max-image-preview:large, max-video-preview:-1\" \/>\n<link rel=\"canonical\" href=\"https:\/\/anniethaispa.hu\/en\/filozofia-hogyan-dolgozom\/\" \/>\n<meta property=\"og:locale\" content=\"en_US\" \/>\n<meta property=\"og:type\" content=\"article\" \/>\n<meta property=\"og:title\" content=\"Filoz\u00f3fia \u2013 Hogyan Dolgozom? | Annie Thai Spa\" \/>\n<meta property=\"og:description\" content=\"Hogyan dolgozom? Egy\u00e9ni \u00e1llapotfelm\u00e9r\u00e9s, teljes figyelem, holisztikus szeml\u00e9let. Annie Thai Spa P\u00e9cs \u2013 pr\u00e9mium thai massz\u00e1zs szem\u00e9lyre szabva. Foglaljon most!\" \/>\n<meta property=\"og:url\" content=\"https:\/\/anniethaispa.hu\/en\/filozofia-hogyan-dolgozom\/\" \/>\n<meta property=\"og:site_name\" content=\"Annie Thai Spa\" \/>\n<meta property=\"article:modified_time\" content=\"2026-01-27T23:24:49+00:00\" \/>\n<meta property=\"og:image\" content=\"https:\/\/anniethaispa.hu\/wp-content\/uploads\/2026\/01\/hiranya-cover.webp\" \/>\n<meta name=\"twitter:card\" content=\"summary_large_image\" \/>\n<meta name=\"twitter:label1\" content=\"Est. reading time\" \/>\n\t<meta name=\"twitter:data1\" content=\"2 minutes\" \/>\n<script type=\"application\/ld+json\" class=\"yoast-schema-graph\">{\"@context\":\"https:\\\/\\\/schema.org\",\"@graph\":[{\"@type\":\"WebPage\",\"@id\":\"https:\\\/\\\/anniethaispa.hu\\\/filozofia-hogyan-dolgozom\\\/\",\"url\":\"https:\\\/\\\/anniethaispa.hu\\\/filozofia-hogyan-dolgozom\\\/\",\"name\":\"Filoz\u00f3fia \u2013 Hogyan Dolgozom? | Annie Thai Spa\",\"isPartOf\":{\"@id\":\"https:\\\/\\\/anniethaispa.hu\\\/#website\"},\"primaryImageOfPage\":{\"@id\":\"https:\\\/\\\/anniethaispa.hu\\\/filozofia-hogyan-dolgozom\\\/#primaryimage\"},\"image\":{\"@id\":\"https:\\\/\\\/anniethaispa.hu\\\/filozofia-hogyan-dolgozom\\\/#primaryimage\"},\"thumbnailUrl\":\"https:\\\/\\\/anniethaispa.hu\\\/wp-content\\\/uploads\\\/2026\\\/01\\\/hiranya-cover.webp\",\"datePublished\":\"2026-01-15T18:03:18+00:00\",\"dateModified\":\"2026-01-27T23:24:49+00:00\",\"description\":\"Hogyan dolgozom? Egy\u00e9ni \u00e1llapotfelm\u00e9r\u00e9s, teljes figyelem, holisztikus szeml\u00e9let. Annie Thai Spa P\u00e9cs \u2013 pr\u00e9mium thai massz\u00e1zs szem\u00e9lyre szabva. Foglaljon most!\",\"breadcrumb\":{\"@id\":\"https:\\\/\\\/anniethaispa.hu\\\/filozofia-hogyan-dolgozom\\\/#breadcrumb\"},\"inLanguage\":\"en-US\",\"potentialAction\":[{\"@type\":\"ReadAction\",\"target\":[\"https:\\\/\\\/anniethaispa.hu\\\/filozofia-hogyan-dolgozom\\\/\"]}]},{\"@type\":\"ImageObject\",\"inLanguage\":\"en-US\",\"@id\":\"https:\\\/\\\/anniethaispa.hu\\\/filozofia-hogyan-dolgozom\\\/#primaryimage\",\"url\":\"https:\\\/\\\/anniethaispa.hu\\\/wp-content\\\/uploads\\\/2026\\\/01\\\/hiranya-cover.webp\",\"contentUrl\":\"https:\\\/\\\/anniethaispa.hu\\\/wp-content\\\/uploads\\\/2026\\\/01\\\/hiranya-cover.webp\"},{\"@type\":\"BreadcrumbList\",\"@id\":\"https:\\\/\\\/anniethaispa.hu\\\/filozofia-hogyan-dolgozom\\\/#breadcrumb\",\"itemListElement\":[{\"@type\":\"ListItem\",\"position\":1,\"name\":\"Home\",\"item\":\"https:\\\/\\\/anniethaispa.hu\\\/\"},{\"@type\":\"ListItem\",\"position\":2,\"name\":\"Filoz\u00f3fia &#8211; Hogyan dolgozom?\"}]},{\"@type\":\"WebSite\",\"@id\":\"https:\\\/\\\/anniethaispa.hu\\\/#website\",\"url\":\"https:\\\/\\\/anniethaispa.hu\\\/\",\"name\":\"Annie Thai Spa\",\"description\":\"THAI MASSAGE &amp; SPA\",\"publisher\":{\"@id\":\"https:\\\/\\\/anniethaispa.hu\\\/#organization\"},\"potentialAction\":[{\"@type\":\"SearchAction\",\"target\":{\"@type\":\"EntryPoint\",\"urlTemplate\":\"https:\\\/\\\/anniethaispa.hu\\\/?s={search_term_string}\"},\"query-input\":{\"@type\":\"PropertyValueSpecification\",\"valueRequired\":true,\"valueName\":\"search_term_string\"}}],\"inLanguage\":\"en-US\"},{\"@type\":\"Organization\",\"@id\":\"https:\\\/\\\/anniethaispa.hu\\\/#organization\",\"name\":\"Annie Thai Spa\",\"url\":\"https:\\\/\\\/anniethaispa.hu\\\/\",\"logo\":{\"@type\":\"ImageObject\",\"inLanguage\":\"en-US\",\"@id\":\"https:\\\/\\\/anniethaispa.hu\\\/#\\\/schema\\\/logo\\\/image\\\/\",\"url\":\"https:\\\/\\\/anniethaispa.hu\\\/wp-content\\\/uploads\\\/2026\\\/01\\\/logo-favi.webp\",\"contentUrl\":\"https:\\\/\\\/anniethaispa.hu\\\/wp-content\\\/uploads\\\/2026\\\/01\\\/logo-favi.webp\",\"width\":756,\"height\":666,\"caption\":\"Annie Thai Spa\"},\"image\":{\"@id\":\"https:\\\/\\\/anniethaispa.hu\\\/#\\\/schema\\\/logo\\\/image\\\/\"}}]}<\/script>\n<!-- \/ Yoast SEO plugin. -->","yoast_head_json":{"title":"Philosophy \u2013 How I Work? | Annie's Thai Spa","description":"How I work? Custom status survey, focused, holistic approach. Annie Thai Spa P\u00e9cs \u2013 premium thai massage is tailored for. Book now!","robots":{"index":"index","follow":"follow","max-snippet":"max-snippet:-1","max-image-preview":"max-image-preview:large","max-video-preview":"max-video-preview:-1"},"canonical":"https:\/\/anniethaispa.hu\/en\/filozofia-hogyan-dolgozom\/","og_locale":"en_US","og_type":"article","og_title":"Filoz\u00f3fia \u2013 Hogyan Dolgozom? | Annie Thai Spa","og_description":"Hogyan dolgozom? Egy\u00e9ni \u00e1llapotfelm\u00e9r\u00e9s, teljes figyelem, holisztikus szeml\u00e9let. Annie Thai Spa P\u00e9cs \u2013 pr\u00e9mium thai massz\u00e1zs szem\u00e9lyre szabva. Foglaljon most!","og_url":"https:\/\/anniethaispa.hu\/en\/filozofia-hogyan-dolgozom\/","og_site_name":"Annie Thai Spa","article_modified_time":"2026-01-27T23:24:49+00:00","og_image":[{"url":"https:\/\/anniethaispa.hu\/wp-content\/uploads\/2026\/01\/hiranya-cover.webp","type":"","width":"","height":""}],"twitter_card":"summary_large_image","twitter_misc":{"Est. reading time":"2 minutes"},"schema":{"@context":"https:\/\/schema.org","@graph":[{"@type":"WebPage","@id":"https:\/\/anniethaispa.hu\/filozofia-hogyan-dolgozom\/","url":"https:\/\/anniethaispa.hu\/filozofia-hogyan-dolgozom\/","name":"Philosophy \u2013 How I Work? | Annie's Thai Spa","isPartOf":{"@id":"https:\/\/anniethaispa.hu\/#website"},"primaryImageOfPage":{"@id":"https:\/\/anniethaispa.hu\/filozofia-hogyan-dolgozom\/#primaryimage"},"image":{"@id":"https:\/\/anniethaispa.hu\/filozofia-hogyan-dolgozom\/#primaryimage"},"thumbnailUrl":"https:\/\/anniethaispa.hu\/wp-content\/uploads\/2026\/01\/hiranya-cover.webp","datePublished":"2026-01-15T18:03:18+00:00","dateModified":"2026-01-27T23:24:49+00:00","description":"How I work? Custom status survey, focused, holistic approach. Annie Thai Spa P\u00e9cs \u2013 premium thai massage is tailored for. Book now!","breadcrumb":{"@id":"https:\/\/anniethaispa.hu\/filozofia-hogyan-dolgozom\/#breadcrumb"},"inLanguage":"en-US","potentialAction":[{"@type":"ReadAction","target":["https:\/\/anniethaispa.hu\/filozofia-hogyan-dolgozom\/"]}]},{"@type":"ImageObject","inLanguage":"en-US","@id":"https:\/\/anniethaispa.hu\/filozofia-hogyan-dolgozom\/#primaryimage","url":"https:\/\/anniethaispa.hu\/wp-content\/uploads\/2026\/01\/hiranya-cover.webp","contentUrl":"https:\/\/anniethaispa.hu\/wp-content\/uploads\/2026\/01\/hiranya-cover.webp"},{"@type":"BreadcrumbList","@id":"https:\/\/anniethaispa.hu\/filozofia-hogyan-dolgozom\/#breadcrumb","itemListElement":[{"@type":"ListItem","position":1,"name":"Home","item":"https:\/\/anniethaispa.hu\/"},{"@type":"ListItem","position":2,"name":"Filoz\u00f3fia &#8211; Hogyan dolgozom?"}]},{"@type":"WebSite","@id":"https:\/\/anniethaispa.hu\/#website","url":"https:\/\/anniethaispa.hu\/","name":"Annie Thai Spa","description":"THAI MASSAGE &amp; SPA","publisher":{"@id":"https:\/\/anniethaispa.hu\/#organization"},"potentialAction":[{"@type":"SearchAction","target":{"@type":"EntryPoint","urlTemplate":"https:\/\/anniethaispa.hu\/?s={search_term_string}"},"query-input":{"@type":"PropertyValueSpecification","valueRequired":true,"valueName":"search_term_string"}}],"inLanguage":"en-US"},{"@type":"Organization","@id":"https:\/\/anniethaispa.hu\/#organization","name":"Annie Thai Spa","url":"https:\/\/anniethaispa.hu\/","logo":{"@type":"ImageObject","inLanguage":"en-US","@id":"https:\/\/anniethaispa.hu\/#\/schema\/logo\/image\/","url":"https:\/\/anniethaispa.hu\/wp-content\/uploads\/2026\/01\/logo-favi.webp","contentUrl":"https:\/\/anniethaispa.hu\/wp-content\/uploads\/2026\/01\/logo-favi.webp","width":756,"height":666,"caption":"Annie Thai Spa"},"image":{"@id":"https:\/\/anniethaispa.hu\/#\/schema\/logo\/image\/"}}]}},"_links":{"self":[{"href":"https:\/\/anniethaispa.hu\/en\/wp-json\/wp\/v2\/pages\/624","targetHints":{"allow":["GET"]}}],"collection":[{"href":"https:\/\/anniethaispa.hu\/en\/wp-json\/wp\/v2\/pages"}],"about":[{"href":"https:\/\/anniethaispa.hu\/en\/wp-json\/wp\/v2\/types\/page"}],"author":[{"embeddable":true,"href":"https:\/\/anniethaispa.hu\/en\/wp-json\/wp\/v2\/users\/1"}],"replies":[{"embeddable":true,"href":"https:\/\/anniethaispa.hu\/en\/wp-json\/wp\/v2\/comments?post=624"}],"version-history":[{"count":8,"href":"https:\/\/anniethaispa.hu\/en\/wp-json\/wp\/v2\/pages\/624\/revisions"}],"predecessor-version":[{"id":817,"href":"https:\/\/anniethaispa.hu\/en\/wp-json\/wp\/v2\/pages\/624\/revisions\/817"}],"wp:attachment":[{"href":"https:\/\/anniethaispa.hu\/en\/wp-json\/wp\/v2\/media?parent=624"}],"curies":[{"name":"wp","href":"https:\/\/api.w.org\/{rel}","templated":true}]}}