{"id":616,"date":"2026-01-15T17:51:40","date_gmt":"2026-01-15T17:51:40","guid":{"rendered":"https:\/\/thaimassage.rwpstaging.site\/?page_id=616"},"modified":"2026-01-27T23:23:04","modified_gmt":"2026-01-27T23:23:04","slug":"rolam-annie-artcharapa","status":"publish","type":"page","link":"https:\/\/anniethaispa.hu\/en\/rolam-annie-artcharapa\/","title":{"rendered":"About Me \u2013 Annie Artcharapa"},"content":{"rendered":"<div data-elementor-type=\"wp-page\" data-elementor-id=\"616\" class=\"elementor elementor-616\" data-elementor-post-type=\"page\">\n\t\t\t\t\t\t<section class=\"elementor-section elementor-top-section elementor-element elementor-element-5d06ed8e elementor-section-boxed elementor-section-height-default elementor-section-height-default\" data-id=\"5d06ed8e\" data-element_type=\"section\" data-e-type=\"section\" data-settings=\"{&quot;background_background&quot;:&quot;classic&quot;}\">\n\t\t\t\t\t\t\t<div class=\"elementor-background-overlay\"><\/div>\n\t\t\t\t\t\t\t<div class=\"elementor-container elementor-column-gap-default\">\n\t\t\t\t\t<div class=\"elementor-column elementor-col-100 elementor-top-column elementor-element elementor-element-75be1fd1\" data-id=\"75be1fd1\" data-element_type=\"column\" data-e-type=\"column\">\n\t\t\t<div class=\"elementor-widget-wrap elementor-element-populated\">\n\t\t\t\t\t\t<div class=\"elementor-element elementor-element-349e94b elementor-widget__width-auto elementor-icon-list--layout-traditional elementor-list-item-link-full_width elementor-widget elementor-widget-icon-list\" data-id=\"349e94b\" data-element_type=\"widget\" data-e-type=\"widget\" data-widget_type=\"icon-list.default\">\n\t\t\t\t<div class=\"elementor-widget-container\">\n\t\t\t\t\t\t\t<ul class=\"elementor-icon-list-items\">\n\t\t\t\t\t\t\t<li class=\"elementor-icon-list-item\">\n\t\t\t\t\t\t\t\t\t\t\t<a href=\"#\">\n\n\t\t\t\t\t\t\t\t\t\t\t<span class=\"elementor-icon-list-text\">Home<\/span>\n\t\t\t\t\t\t\t\t\t\t\t<\/a>\n\t\t\t\t\t\t\t\t\t<\/li>\n\t\t\t\t\t\t<\/ul>\n\t\t\t\t\t\t<\/div>\n\t\t\t\t<\/div>\n\t\t\t\t<div class=\"elementor-element elementor-element-584365a3 elementor-widget__width-auto elementor-widget elementor-widget-heading\" data-id=\"584365a3\" data-element_type=\"widget\" data-e-type=\"widget\" data-widget_type=\"heading.default\">\n\t\t\t\t<div class=\"elementor-widget-container\">\n\t\t\t\t\t<h2 class=\"elementor-heading-title elementor-size-default\">\/<\/h2>\t\t\t\t<\/div>\n\t\t\t\t<\/div>\n\t\t\t\t<div class=\"elementor-element elementor-element-1e5c4b75 elementor-widget__width-auto elementor-icon-list--layout-traditional elementor-list-item-link-full_width elementor-widget elementor-widget-icon-list\" data-id=\"1e5c4b75\" data-element_type=\"widget\" data-e-type=\"widget\" data-widget_type=\"icon-list.default\">\n\t\t\t\t<div class=\"elementor-widget-container\">\n\t\t\t\t\t\t\t<ul class=\"elementor-icon-list-items\">\n\t\t\t\t\t\t\t<li class=\"elementor-icon-list-item\">\n\t\t\t\t\t\t\t\t\t\t<span class=\"elementor-icon-list-text\">About Me -Annie Artcharapa<\/span>\n\t\t\t\t\t\t\t\t\t<\/li>\n\t\t\t\t\t\t<\/ul>\n\t\t\t\t\t\t<\/div>\n\t\t\t\t<\/div>\n\t\t\t\t<div class=\"elementor-element elementor-element-2d0edf33 elementor-widget elementor-widget-heading\" data-id=\"2d0edf33\" data-element_type=\"widget\" data-e-type=\"widget\" data-widget_type=\"heading.default\">\n\t\t\t\t<div class=\"elementor-widget-container\">\n\t\t\t\t\t<h2 class=\"elementor-heading-title elementor-size-default\">About Me -Annie Artcharapa<\/h2>\t\t\t\t<\/div>\n\t\t\t\t<\/div>\n\t\t\t\t\t<\/div>\n\t\t<\/div>\n\t\t\t\t\t<\/div>\n\t\t<\/section>\n\t\t\t\t<section class=\"elementor-section elementor-top-section elementor-element elementor-element-6dac0b03 elementor-section-boxed elementor-section-height-default elementor-section-height-default\" data-id=\"6dac0b03\" data-element_type=\"section\" data-e-type=\"section\">\n\t\t\t\t\t\t<div class=\"elementor-container elementor-column-gap-default\">\n\t\t\t\t\t<div class=\"elementor-column elementor-col-50 elementor-top-column elementor-element elementor-element-68d8ae3a\" data-id=\"68d8ae3a\" data-element_type=\"column\" data-e-type=\"column\">\n\t\t\t<div class=\"elementor-widget-wrap elementor-element-populated\">\n\t\t\t\t\t\t<div class=\"elementor-element elementor-element-482d71c1 elementor-widget elementor-widget-heading\" data-id=\"482d71c1\" data-element_type=\"widget\" data-e-type=\"widget\" data-widget_type=\"heading.default\">\n\t\t\t\t<div class=\"elementor-widget-container\">\n\t\t\t\t\t<h3 class=\"elementor-heading-title elementor-size-default\">Personal expertise, thai roots<\/h3>\t\t\t\t<\/div>\n\t\t\t\t<\/div>\n\t\t\t\t<div class=\"elementor-element elementor-element-cfa7663 elementor-widget elementor-widget-text-editor\" data-id=\"cfa7663\" data-element_type=\"widget\" data-e-type=\"widget\" data-widget_type=\"text-editor.default\">\n\t\t\t\t<div class=\"elementor-widget-container\">\n\t\t\t\t\t\t\t\t\t<p><strong>Annie Artcharapa<\/strong> P\u00e9cs and neighborhood for a new direction massage and spa activities start <strong>Hiranya<\/strong> name, which aims to fresh, quality approach and a real professional value on the local supply of spectrum in. In the work of the authentic thai massage traditions combines the modern, guest-oriented and personalized approach.<\/p>\t\t\t\t\t\t\t\t<\/div>\n\t\t\t\t<\/div>\n\t\t\t\t<div class=\"elementor-element elementor-element-3019aaaa elementor-widget elementor-widget-heading\" data-id=\"3019aaaa\" data-element_type=\"widget\" data-e-type=\"widget\" data-widget_type=\"heading.default\">\n\t\t\t\t<div class=\"elementor-widget-container\">\n\t\t\t\t\t<h2 class=\"elementor-heading-title elementor-size-default\">The <b>\"Hiranya Nak\" <\/b>the thai culture in the <b>wealth, beauty and blossom, symbolizing term<\/b>which metaphorically a <b>precious, prosperous and glorious cities will be selected<\/b> \u2013 the quality, where Annie Artcharapa from. The name refers to the roots and to the approach that the drawing operation, determine: a calm, quality of space, where the physical and spiritual welfare flower.<\/h2>\t\t\t\t<\/div>\n\t\t\t\t<\/div>\n\t\t\t\t\t<\/div>\n\t\t<\/div>\n\t\t\t\t<div class=\"elementor-column elementor-col-50 elementor-top-column elementor-element elementor-element-2f1548a1\" data-id=\"2f1548a1\" data-element_type=\"column\" data-e-type=\"column\">\n\t\t\t<div class=\"elementor-widget-wrap elementor-element-populated\">\n\t\t\t\t\t\t<div class=\"elementor-element elementor-element-32fde0b6 elementor-widget elementor-widget-image\" data-id=\"32fde0b6\" data-element_type=\"widget\" data-e-type=\"widget\" data-widget_type=\"image.default\">\n\t\t\t\t<div class=\"elementor-widget-container\">\n\t\t\t\t\t\t\t\t\t\t\t\t\t\t\t<img fetchpriority=\"high\" decoding=\"async\" width=\"1024\" height=\"1536\" src=\"https:\/\/anniethaispa.hu\/wp-content\/uploads\/2026\/01\/annie.webp\" class=\"attachment-full size-full wp-image-619\" alt=\"\" srcset=\"https:\/\/anniethaispa.hu\/wp-content\/uploads\/2026\/01\/annie.webp 1024w, https:\/\/anniethaispa.hu\/wp-content\/uploads\/2026\/01\/annie-200x300.webp 200w, https:\/\/anniethaispa.hu\/wp-content\/uploads\/2026\/01\/annie-683x1024.webp 683w, https:\/\/anniethaispa.hu\/wp-content\/uploads\/2026\/01\/annie-768x1152.webp 768w, https:\/\/anniethaispa.hu\/wp-content\/uploads\/2026\/01\/annie-600x900.webp 600w\" sizes=\"(max-width: 1024px) 100vw, 1024px\" \/>\t\t\t\t\t\t\t\t\t\t\t\t\t\t\t<\/div>\n\t\t\t\t<\/div>\n\t\t\t\t\t<\/div>\n\t\t<\/div>\n\t\t\t\t\t<\/div>\n\t\t<\/section>\n\t\t\t\t<section class=\"elementor-section elementor-top-section elementor-element elementor-element-6bd3f250 elementor-section-boxed elementor-section-height-default elementor-section-height-default\" data-id=\"6bd3f250\" data-element_type=\"section\" data-e-type=\"section\">\n\t\t\t\t\t\t<div class=\"elementor-container elementor-column-gap-default\">\n\t\t\t\t\t<div class=\"elementor-column elementor-col-50 elementor-top-column elementor-element elementor-element-3f27783d\" data-id=\"3f27783d\" data-element_type=\"column\" data-e-type=\"column\">\n\t\t\t<div class=\"elementor-widget-wrap elementor-element-populated\">\n\t\t\t\t\t\t<div class=\"elementor-element elementor-element-26ac8dda elementor-widget elementor-widget-image\" data-id=\"26ac8dda\" data-element_type=\"widget\" data-e-type=\"widget\" data-widget_type=\"image.default\">\n\t\t\t\t<div class=\"elementor-widget-container\">\n\t\t\t\t\t\t\t\t\t\t\t\t\t\t\t<img decoding=\"async\" width=\"750\" height=\"1000\" src=\"https:\/\/anniethaispa.hu\/wp-content\/uploads\/2026\/01\/annie-1.webp\" class=\"attachment-full size-full wp-image-620\" alt=\"\" srcset=\"https:\/\/anniethaispa.hu\/wp-content\/uploads\/2026\/01\/annie-1.webp 750w, https:\/\/anniethaispa.hu\/wp-content\/uploads\/2026\/01\/annie-1-225x300.webp 225w, https:\/\/anniethaispa.hu\/wp-content\/uploads\/2026\/01\/annie-1-600x800.webp 600w\" sizes=\"(max-width: 750px) 100vw, 750px\" \/>\t\t\t\t\t\t\t\t\t\t\t\t\t\t\t<\/div>\n\t\t\t\t<\/div>\n\t\t\t\t\t<\/div>\n\t\t<\/div>\n\t\t\t\t<div class=\"elementor-column elementor-col-50 elementor-top-column elementor-element elementor-element-71309d40\" data-id=\"71309d40\" data-element_type=\"column\" data-e-type=\"column\">\n\t\t\t<div class=\"elementor-widget-wrap elementor-element-populated\">\n\t\t\t\t\t\t<div class=\"elementor-element elementor-element-6ef3b2c elementor-widget elementor-widget-text-editor\" data-id=\"6ef3b2c\" data-element_type=\"widget\" data-e-type=\"widget\" data-widget_type=\"text-editor.default\">\n\t\t\t\t<div class=\"elementor-widget-container\">\n\t\t\t\t\t\t\t\t\t<p>Thai nationality massage therapist who has more than 10 years ago obtained the official thai massage rating, and since then constantly on the professional highest level of work. The Covidien\u201319 epidemic in the period before the prestigious, internationally acclaimed hotel spa of experience, inter alia, the Thai Odyssey and the Siam Ossis Spa is a prestigious hotel, where quality, precision and discretion is a basic requirement was.<\/p><p>2023 may, arrived in budapest to an excellent reputation, international network operator specialist at the invitation of. Currently in P\u00e9cs start a new image of business, which is knowingly the quality, personally and in the long-term guest relationships to build.<\/p><p>Professional career typically <strong>stable, recurring clientele<\/strong> accompanied by the treatments applied during <strong>personalization techniques and individual state survey based approach to the<\/strong> thanks to successfully develop.<\/p>\t\t\t\t\t\t\t\t<\/div>\n\t\t\t\t<\/div>\n\t\t\t\t\t<\/div>\n\t\t<\/div>\n\t\t\t\t\t<\/div>\n\t\t<\/section>\n\t\t\t\t<\/div>","protected":false},"excerpt":{"rendered":"<p>Home \/ R\u00f3lam -Annie Artcharapa R\u00f3lam -Annie Artcharapa Szem\u00e9lyes szak\u00e9rtelem, thai gy\u00f6kerekkel Annie Artcharapa P\u00e9cs \u00e9s k\u00f6rny\u00e9ke sz\u00e1m\u00e1ra egy \u00faj ir\u00e1nyvonal\u00fa massz\u00e1zs- \u00e9s spa tev\u00e9kenys\u00e9get ind\u00edt Hiranya n\u00e9ven, amelynek c\u00e9lja, hogy friss, min\u0151s\u00e9gi szeml\u00e9letet \u00e9s val\u00f3di szakmai \u00e9rt\u00e9ket vigyen a helyi k\u00edn\u00e1lati spektrumba. Munk\u00e1j\u00e1ban az autentikus thai massz\u00e1zs hagyom\u00e1nyait \u00f6tv\u00f6zi a modern, vend\u00e9gk\u00f6zpont\u00fa \u00e9s szem\u00e9lyre [&hellip;]<\/p>\n","protected":false},"author":1,"featured_media":0,"parent":0,"menu_order":0,"comment_status":"closed","ping_status":"closed","template":"elementor_header_footer","meta":{"footnotes":""},"class_list":["post-616","page","type-page","status-publish","hentry"],"yoast_head":"<!-- This site is optimized with the Yoast SEO plugin v27.3 - https:\/\/yoast.com\/product\/yoast-seo-wordpress\/ -->\n<title>Annie Artcharapa \u2013 Thai Massz\u0151r P\u00e9cs | Annie Thai Spa<\/title>\n<meta name=\"description\" content=\"Annie Artcharapa thai massz\u00e1zsterapeuta t\u00f6bb mint 10 \u00e9v nemzetk\u00f6zi tapasztalattal P\u00e9csen. Hiranya Spa \u2013 szem\u00e9lyre szabott, autentikus thai kezel\u00e9sek.\" \/>\n<meta name=\"robots\" content=\"index, follow, max-snippet:-1, max-image-preview:large, max-video-preview:-1\" \/>\n<link rel=\"canonical\" href=\"https:\/\/anniethaispa.hu\/en\/rolam-annie-artcharapa\/\" \/>\n<meta property=\"og:locale\" content=\"en_US\" \/>\n<meta property=\"og:type\" content=\"article\" \/>\n<meta property=\"og:title\" content=\"Annie Artcharapa \u2013 Thai Massz\u0151r P\u00e9cs | Annie Thai Spa\" \/>\n<meta property=\"og:description\" content=\"Annie Artcharapa thai massz\u00e1zsterapeuta t\u00f6bb mint 10 \u00e9v nemzetk\u00f6zi tapasztalattal P\u00e9csen. Hiranya Spa \u2013 szem\u00e9lyre szabott, autentikus thai kezel\u00e9sek.\" \/>\n<meta property=\"og:url\" content=\"https:\/\/anniethaispa.hu\/en\/rolam-annie-artcharapa\/\" \/>\n<meta property=\"og:site_name\" content=\"Annie Thai Spa\" \/>\n<meta property=\"article:modified_time\" content=\"2026-01-27T23:23:04+00:00\" \/>\n<meta property=\"og:image\" content=\"https:\/\/anniethaispa.hu\/wp-content\/uploads\/2026\/01\/annie.webp\" \/>\n<meta name=\"twitter:card\" content=\"summary_large_image\" \/>\n<meta name=\"twitter:label1\" content=\"Est. reading time\" \/>\n\t<meta name=\"twitter:data1\" content=\"2 minutes\" \/>\n<script type=\"application\/ld+json\" class=\"yoast-schema-graph\">{\"@context\":\"https:\\\/\\\/schema.org\",\"@graph\":[{\"@type\":\"WebPage\",\"@id\":\"https:\\\/\\\/anniethaispa.hu\\\/rolam-annie-artcharapa\\\/\",\"url\":\"https:\\\/\\\/anniethaispa.hu\\\/rolam-annie-artcharapa\\\/\",\"name\":\"Annie Artcharapa \u2013 Thai Massz\u0151r P\u00e9cs | Annie Thai Spa\",\"isPartOf\":{\"@id\":\"https:\\\/\\\/anniethaispa.hu\\\/#website\"},\"primaryImageOfPage\":{\"@id\":\"https:\\\/\\\/anniethaispa.hu\\\/rolam-annie-artcharapa\\\/#primaryimage\"},\"image\":{\"@id\":\"https:\\\/\\\/anniethaispa.hu\\\/rolam-annie-artcharapa\\\/#primaryimage\"},\"thumbnailUrl\":\"https:\\\/\\\/anniethaispa.hu\\\/wp-content\\\/uploads\\\/2026\\\/01\\\/annie.webp\",\"datePublished\":\"2026-01-15T17:51:40+00:00\",\"dateModified\":\"2026-01-27T23:23:04+00:00\",\"description\":\"Annie Artcharapa thai massz\u00e1zsterapeuta t\u00f6bb mint 10 \u00e9v nemzetk\u00f6zi tapasztalattal P\u00e9csen. Hiranya Spa \u2013 szem\u00e9lyre szabott, autentikus thai kezel\u00e9sek.\",\"breadcrumb\":{\"@id\":\"https:\\\/\\\/anniethaispa.hu\\\/rolam-annie-artcharapa\\\/#breadcrumb\"},\"inLanguage\":\"en-US\",\"potentialAction\":[{\"@type\":\"ReadAction\",\"target\":[\"https:\\\/\\\/anniethaispa.hu\\\/rolam-annie-artcharapa\\\/\"]}]},{\"@type\":\"ImageObject\",\"inLanguage\":\"en-US\",\"@id\":\"https:\\\/\\\/anniethaispa.hu\\\/rolam-annie-artcharapa\\\/#primaryimage\",\"url\":\"https:\\\/\\\/anniethaispa.hu\\\/wp-content\\\/uploads\\\/2026\\\/01\\\/annie.webp\",\"contentUrl\":\"https:\\\/\\\/anniethaispa.hu\\\/wp-content\\\/uploads\\\/2026\\\/01\\\/annie.webp\"},{\"@type\":\"BreadcrumbList\",\"@id\":\"https:\\\/\\\/anniethaispa.hu\\\/rolam-annie-artcharapa\\\/#breadcrumb\",\"itemListElement\":[{\"@type\":\"ListItem\",\"position\":1,\"name\":\"Home\",\"item\":\"https:\\\/\\\/anniethaispa.hu\\\/\"},{\"@type\":\"ListItem\",\"position\":2,\"name\":\"R\u00f3lam &#8211; Annie Artcharapa\"}]},{\"@type\":\"WebSite\",\"@id\":\"https:\\\/\\\/anniethaispa.hu\\\/#website\",\"url\":\"https:\\\/\\\/anniethaispa.hu\\\/\",\"name\":\"Annie Thai Spa\",\"description\":\"THAI MASSAGE &amp; SPA\",\"publisher\":{\"@id\":\"https:\\\/\\\/anniethaispa.hu\\\/#organization\"},\"potentialAction\":[{\"@type\":\"SearchAction\",\"target\":{\"@type\":\"EntryPoint\",\"urlTemplate\":\"https:\\\/\\\/anniethaispa.hu\\\/?s={search_term_string}\"},\"query-input\":{\"@type\":\"PropertyValueSpecification\",\"valueRequired\":true,\"valueName\":\"search_term_string\"}}],\"inLanguage\":\"en-US\"},{\"@type\":\"Organization\",\"@id\":\"https:\\\/\\\/anniethaispa.hu\\\/#organization\",\"name\":\"Annie Thai Spa\",\"url\":\"https:\\\/\\\/anniethaispa.hu\\\/\",\"logo\":{\"@type\":\"ImageObject\",\"inLanguage\":\"en-US\",\"@id\":\"https:\\\/\\\/anniethaispa.hu\\\/#\\\/schema\\\/logo\\\/image\\\/\",\"url\":\"https:\\\/\\\/anniethaispa.hu\\\/wp-content\\\/uploads\\\/2026\\\/01\\\/logo-favi.webp\",\"contentUrl\":\"https:\\\/\\\/anniethaispa.hu\\\/wp-content\\\/uploads\\\/2026\\\/01\\\/logo-favi.webp\",\"width\":756,\"height\":666,\"caption\":\"Annie Thai Spa\"},\"image\":{\"@id\":\"https:\\\/\\\/anniethaispa.hu\\\/#\\\/schema\\\/logo\\\/image\\\/\"}}]}<\/script>\n<!-- \/ Yoast SEO plugin. -->","yoast_head_json":{"title":"Annie Artcharapa \u2013 Thai Masseuse P\u00e9cs | Annie's Thai Spa","description":"Annie Artcharapa thai massage therapist with more than 10 years of international experience in P\u00e9cs. Hiranya Spa \u2013 personalized, authentic thai treatments.","robots":{"index":"index","follow":"follow","max-snippet":"max-snippet:-1","max-image-preview":"max-image-preview:large","max-video-preview":"max-video-preview:-1"},"canonical":"https:\/\/anniethaispa.hu\/en\/rolam-annie-artcharapa\/","og_locale":"en_US","og_type":"article","og_title":"Annie Artcharapa \u2013 Thai Massz\u0151r P\u00e9cs | Annie Thai Spa","og_description":"Annie Artcharapa thai massz\u00e1zsterapeuta t\u00f6bb mint 10 \u00e9v nemzetk\u00f6zi tapasztalattal P\u00e9csen. Hiranya Spa \u2013 szem\u00e9lyre szabott, autentikus thai kezel\u00e9sek.","og_url":"https:\/\/anniethaispa.hu\/en\/rolam-annie-artcharapa\/","og_site_name":"Annie Thai Spa","article_modified_time":"2026-01-27T23:23:04+00:00","og_image":[{"url":"https:\/\/anniethaispa.hu\/wp-content\/uploads\/2026\/01\/annie.webp","type":"","width":"","height":""}],"twitter_card":"summary_large_image","twitter_misc":{"Est. reading time":"2 minutes"},"schema":{"@context":"https:\/\/schema.org","@graph":[{"@type":"WebPage","@id":"https:\/\/anniethaispa.hu\/rolam-annie-artcharapa\/","url":"https:\/\/anniethaispa.hu\/rolam-annie-artcharapa\/","name":"Annie Artcharapa \u2013 Thai Masseuse P\u00e9cs | Annie's Thai Spa","isPartOf":{"@id":"https:\/\/anniethaispa.hu\/#website"},"primaryImageOfPage":{"@id":"https:\/\/anniethaispa.hu\/rolam-annie-artcharapa\/#primaryimage"},"image":{"@id":"https:\/\/anniethaispa.hu\/rolam-annie-artcharapa\/#primaryimage"},"thumbnailUrl":"https:\/\/anniethaispa.hu\/wp-content\/uploads\/2026\/01\/annie.webp","datePublished":"2026-01-15T17:51:40+00:00","dateModified":"2026-01-27T23:23:04+00:00","description":"Annie Artcharapa thai massage therapist with more than 10 years of international experience in P\u00e9cs. Hiranya Spa \u2013 personalized, authentic thai treatments.","breadcrumb":{"@id":"https:\/\/anniethaispa.hu\/rolam-annie-artcharapa\/#breadcrumb"},"inLanguage":"en-US","potentialAction":[{"@type":"ReadAction","target":["https:\/\/anniethaispa.hu\/rolam-annie-artcharapa\/"]}]},{"@type":"ImageObject","inLanguage":"en-US","@id":"https:\/\/anniethaispa.hu\/rolam-annie-artcharapa\/#primaryimage","url":"https:\/\/anniethaispa.hu\/wp-content\/uploads\/2026\/01\/annie.webp","contentUrl":"https:\/\/anniethaispa.hu\/wp-content\/uploads\/2026\/01\/annie.webp"},{"@type":"BreadcrumbList","@id":"https:\/\/anniethaispa.hu\/rolam-annie-artcharapa\/#breadcrumb","itemListElement":[{"@type":"ListItem","position":1,"name":"Home","item":"https:\/\/anniethaispa.hu\/"},{"@type":"ListItem","position":2,"name":"R\u00f3lam &#8211; Annie Artcharapa"}]},{"@type":"WebSite","@id":"https:\/\/anniethaispa.hu\/#website","url":"https:\/\/anniethaispa.hu\/","name":"Annie Thai Spa","description":"THAI MASSAGE &amp; SPA","publisher":{"@id":"https:\/\/anniethaispa.hu\/#organization"},"potentialAction":[{"@type":"SearchAction","target":{"@type":"EntryPoint","urlTemplate":"https:\/\/anniethaispa.hu\/?s={search_term_string}"},"query-input":{"@type":"PropertyValueSpecification","valueRequired":true,"valueName":"search_term_string"}}],"inLanguage":"en-US"},{"@type":"Organization","@id":"https:\/\/anniethaispa.hu\/#organization","name":"Annie Thai Spa","url":"https:\/\/anniethaispa.hu\/","logo":{"@type":"ImageObject","inLanguage":"en-US","@id":"https:\/\/anniethaispa.hu\/#\/schema\/logo\/image\/","url":"https:\/\/anniethaispa.hu\/wp-content\/uploads\/2026\/01\/logo-favi.webp","contentUrl":"https:\/\/anniethaispa.hu\/wp-content\/uploads\/2026\/01\/logo-favi.webp","width":756,"height":666,"caption":"Annie Thai Spa"},"image":{"@id":"https:\/\/anniethaispa.hu\/#\/schema\/logo\/image\/"}}]}},"_links":{"self":[{"href":"https:\/\/anniethaispa.hu\/en\/wp-json\/wp\/v2\/pages\/616","targetHints":{"allow":["GET"]}}],"collection":[{"href":"https:\/\/anniethaispa.hu\/en\/wp-json\/wp\/v2\/pages"}],"about":[{"href":"https:\/\/anniethaispa.hu\/en\/wp-json\/wp\/v2\/types\/page"}],"author":[{"embeddable":true,"href":"https:\/\/anniethaispa.hu\/en\/wp-json\/wp\/v2\/users\/1"}],"replies":[{"embeddable":true,"href":"https:\/\/anniethaispa.hu\/en\/wp-json\/wp\/v2\/comments?post=616"}],"version-history":[{"count":5,"href":"https:\/\/anniethaispa.hu\/en\/wp-json\/wp\/v2\/pages\/616\/revisions"}],"predecessor-version":[{"id":816,"href":"https:\/\/anniethaispa.hu\/en\/wp-json\/wp\/v2\/pages\/616\/revisions\/816"}],"wp:attachment":[{"href":"https:\/\/anniethaispa.hu\/en\/wp-json\/wp\/v2\/media?parent=616"}],"curies":[{"name":"wp","href":"https:\/\/api.w.org\/{rel}","templated":true}]}}