{"id":436,"date":"2026-01-14T14:29:23","date_gmt":"2026-01-14T14:29:23","guid":{"rendered":"https:\/\/thaimassage.rwpstaging.site\/?page_id=436"},"modified":"2026-01-14T14:35:43","modified_gmt":"2026-01-14T14:35:43","slug":"foglalasi-es-lemondasi-szabalyzat","status":"publish","type":"page","link":"https:\/\/anniethaispa.hu\/en\/foglalasi-es-lemondasi-szabalyzat\/","title":{"rendered":"Booking and cancellation policy"},"content":{"rendered":"<div data-elementor-type=\"wp-page\" data-elementor-id=\"436\" class=\"elementor elementor-436\" data-elementor-post-type=\"page\">\n\t\t\t\t\t\t<section class=\"elementor-section elementor-top-section elementor-element elementor-element-6dbfe5e elementor-section-boxed elementor-section-height-default elementor-section-height-default\" data-id=\"6dbfe5e\" data-element_type=\"section\" data-e-type=\"section\" data-settings=\"{&quot;background_background&quot;:&quot;classic&quot;}\">\n\t\t\t\t\t\t\t<div class=\"elementor-background-overlay\"><\/div>\n\t\t\t\t\t\t\t<div class=\"elementor-container elementor-column-gap-default\">\n\t\t\t\t\t<div class=\"elementor-column elementor-col-100 elementor-top-column elementor-element elementor-element-6925f49\" data-id=\"6925f49\" data-element_type=\"column\" data-e-type=\"column\">\n\t\t\t<div class=\"elementor-widget-wrap elementor-element-populated\">\n\t\t\t\t\t\t<div class=\"elementor-element elementor-element-d7bb76c elementor-widget__width-auto elementor-icon-list--layout-traditional elementor-list-item-link-full_width elementor-widget elementor-widget-icon-list\" data-id=\"d7bb76c\" data-element_type=\"widget\" data-e-type=\"widget\" data-widget_type=\"icon-list.default\">\n\t\t\t\t<div class=\"elementor-widget-container\">\n\t\t\t\t\t\t\t<ul class=\"elementor-icon-list-items\">\n\t\t\t\t\t\t\t<li class=\"elementor-icon-list-item\">\n\t\t\t\t\t\t\t\t\t\t\t<a href=\"\/en\/\">\n\n\t\t\t\t\t\t\t\t\t\t\t<span class=\"elementor-icon-list-text\">Home<\/span>\n\t\t\t\t\t\t\t\t\t\t\t<\/a>\n\t\t\t\t\t\t\t\t\t<\/li>\n\t\t\t\t\t\t<\/ul>\n\t\t\t\t\t\t<\/div>\n\t\t\t\t<\/div>\n\t\t\t\t<div class=\"elementor-element elementor-element-c159989 elementor-widget__width-auto elementor-widget elementor-widget-heading\" data-id=\"c159989\" data-element_type=\"widget\" data-e-type=\"widget\" data-widget_type=\"heading.default\">\n\t\t\t\t<div class=\"elementor-widget-container\">\n\t\t\t\t\t<h2 class=\"elementor-heading-title elementor-size-default\">\/<\/h2>\t\t\t\t<\/div>\n\t\t\t\t<\/div>\n\t\t\t\t<div class=\"elementor-element elementor-element-7fd07be elementor-widget__width-auto elementor-icon-list--layout-traditional elementor-list-item-link-full_width elementor-widget elementor-widget-icon-list\" data-id=\"7fd07be\" data-element_type=\"widget\" data-e-type=\"widget\" data-widget_type=\"icon-list.default\">\n\t\t\t\t<div class=\"elementor-widget-container\">\n\t\t\t\t\t\t\t<ul class=\"elementor-icon-list-items\">\n\t\t\t\t\t\t\t<li class=\"elementor-icon-list-item\">\n\t\t\t\t\t\t\t\t\t\t<span class=\"elementor-icon-list-text\">Booking and cancellation policy<\/span>\n\t\t\t\t\t\t\t\t\t<\/li>\n\t\t\t\t\t\t<\/ul>\n\t\t\t\t\t\t<\/div>\n\t\t\t\t<\/div>\n\t\t\t\t<div class=\"elementor-element elementor-element-6b2f5b7 elementor-widget elementor-widget-heading\" data-id=\"6b2f5b7\" data-element_type=\"widget\" data-e-type=\"widget\" data-widget_type=\"heading.default\">\n\t\t\t\t<div class=\"elementor-widget-container\">\n\t\t\t\t\t<h2 class=\"elementor-heading-title elementor-size-default\">Booking and cancellation policy<\/h2>\t\t\t\t<\/div>\n\t\t\t\t<\/div>\n\t\t\t\t\t<\/div>\n\t\t<\/div>\n\t\t\t\t\t<\/div>\n\t\t<\/section>\n\t\t<div class=\"elementor-element elementor-element-0e7b3b6 e-flex e-con-boxed e-con e-parent\" data-id=\"0e7b3b6\" data-element_type=\"container\" data-e-type=\"container\">\n\t\t\t\t\t<div class=\"e-con-inner\">\n\t\t\t\t<div class=\"elementor-element elementor-element-a8013ec elementor-widget elementor-widget-text-editor\" data-id=\"a8013ec\" data-element_type=\"widget\" data-e-type=\"widget\" data-widget_type=\"text-editor.default\">\n\t\t\t\t<div class=\"elementor-widget-container\">\n\t\t\t\t\t\t\t\t\t<p><strong>Dear Guests!<\/strong><\/p><p>Please note the following rules of booking amendment or cancellation in the case of:<\/p><p>Appointment booking report<\/p><p>The reservation the Guest by a specified date for service of seizing the means (online, by phone or in person at the salon). The booking, the guest will give you the necessary data (name, availability, choice of service, date and time), ensuring that for the specified date and time in the massage room and the masseur be available. The Guest in all cases will receive confirmation of the booked date. The \"Cancellation policy\" all the time booking in the case of approved quality.<br \/><br \/><\/p><ol><li><strong>Date change \/ cancellation<br \/><br \/><\/strong><\/li><\/ol><ul><li>24 hours before a massage free of charge change or cancellation.<\/li><li>Within 24 hours of cancellation or no-show, the full fee will be charged.<\/li><li>No indication that does not appear in the case of the Guest can be excluded for the additional services.<\/li><li>The Salon reconciliation after change the date on optimal utilisation in order to.<\/li><li>Masseur is unavailable, new dates or another masseur optional.<br \/><br \/><\/li><\/ul><ol start=\"2\"><li><strong>Delay<br \/><br \/><\/strong><\/li><\/ol><ul><li>Exceeding 10 minutes delay of treatment may be shortened, or may be refused.<\/li><li>Information without delay after the date, other Guests may be issued.<br \/><br \/><\/li><\/ul><ol start=\"3\"><li><strong>Special appreciation deserving cases<br \/><br \/><\/strong><\/li><\/ol><ul><li>Illness or unexpected event please indicate as soon as possible.<\/li><li>The Salon in its sole discretion, may consider the fee of.<br \/><br \/><\/li><\/ul><ol start=\"4\"><li><strong>Final provisions<br \/><br \/><\/strong><\/li><\/ol><ul><li>Appointment booking with the code will be automatically adopted.<\/li><li>The Salon reserves the right policy to modify.<\/li><\/ul>\t\t\t\t\t\t\t\t<\/div>\n\t\t\t\t<\/div>\n\t\t\t\t\t<\/div>\n\t\t\t\t<\/div>\n\t\t\t\t<\/div>","protected":false},"excerpt":{"rendered":"<p>Home \/ Foglal\u00e1si \u00e9s lemond\u00e1si szab\u00e1lyzat Foglal\u00e1si \u00e9s lemond\u00e1si szab\u00e1lyzat Kedves Vend\u00e9geink! K\u00e9rj\u00fck, vegy\u00e9k figyelembe az al\u00e1bbi szab\u00e1lyokat a foglal\u00e1sok m\u00f3dos\u00edt\u00e1sa vagy lemond\u00e1sa eset\u00e9n: Id\u0151pontfoglal\u00e1s jelent\u00e9se A foglal\u00e1s a Vend\u00e9g \u00e1ltal el\u0151re megadott id\u0151pontra t\u00f6rt\u00e9n\u0151 szolg\u00e1ltat\u00e1s ig\u00e9nybev\u00e9tel\u00e9nek lefoglal\u00e1s\u00e1t jelenti (online, telefonon vagy szem\u00e9lyesen a szalonban). A foglal\u00e1s sor\u00e1n a vend\u00e9g megadja a sz\u00fcks\u00e9ges adatokat (n\u00e9v, [&hellip;]<\/p>\n","protected":false},"author":1,"featured_media":0,"parent":0,"menu_order":0,"comment_status":"closed","ping_status":"closed","template":"elementor_header_footer","meta":{"footnotes":""},"class_list":["post-436","page","type-page","status-publish","hentry"],"yoast_head":"<!-- This site is optimized with the Yoast SEO plugin v27.3 - https:\/\/yoast.com\/product\/yoast-seo-wordpress\/ -->\n<title>Foglal\u00e1si \u00e9s lemond\u00e1si szab\u00e1lyzat - Annie Thai Spa<\/title>\n<meta name=\"robots\" content=\"index, follow, max-snippet:-1, max-image-preview:large, max-video-preview:-1\" \/>\n<link rel=\"canonical\" href=\"https:\/\/anniethaispa.hu\/en\/foglalasi-es-lemondasi-szabalyzat\/\" \/>\n<meta property=\"og:locale\" content=\"en_US\" \/>\n<meta property=\"og:type\" content=\"article\" \/>\n<meta property=\"og:title\" content=\"Foglal\u00e1si \u00e9s lemond\u00e1si szab\u00e1lyzat - Annie Thai Spa\" \/>\n<meta property=\"og:description\" content=\"Home \/ Foglal\u00e1si \u00e9s lemond\u00e1si szab\u00e1lyzat Foglal\u00e1si \u00e9s lemond\u00e1si szab\u00e1lyzat Kedves Vend\u00e9geink! K\u00e9rj\u00fck, vegy\u00e9k figyelembe az al\u00e1bbi szab\u00e1lyokat a foglal\u00e1sok m\u00f3dos\u00edt\u00e1sa vagy lemond\u00e1sa eset\u00e9n: Id\u0151pontfoglal\u00e1s jelent\u00e9se A foglal\u00e1s a Vend\u00e9g \u00e1ltal el\u0151re megadott id\u0151pontra t\u00f6rt\u00e9n\u0151 szolg\u00e1ltat\u00e1s ig\u00e9nybev\u00e9tel\u00e9nek lefoglal\u00e1s\u00e1t jelenti (online, telefonon vagy szem\u00e9lyesen a szalonban). A foglal\u00e1s sor\u00e1n a vend\u00e9g megadja a sz\u00fcks\u00e9ges adatokat (n\u00e9v, [&hellip;]\" \/>\n<meta property=\"og:url\" content=\"https:\/\/anniethaispa.hu\/en\/foglalasi-es-lemondasi-szabalyzat\/\" \/>\n<meta property=\"og:site_name\" content=\"Annie Thai Spa\" \/>\n<meta property=\"article:modified_time\" content=\"2026-01-14T14:35:43+00:00\" \/>\n<meta name=\"twitter:card\" content=\"summary_large_image\" \/>\n<meta name=\"twitter:label1\" content=\"Est. reading time\" \/>\n\t<meta name=\"twitter:data1\" content=\"2 minutes\" \/>\n<script type=\"application\/ld+json\" class=\"yoast-schema-graph\">{\"@context\":\"https:\\\/\\\/schema.org\",\"@graph\":[{\"@type\":\"WebPage\",\"@id\":\"https:\\\/\\\/anniethaispa.hu\\\/foglalasi-es-lemondasi-szabalyzat\\\/\",\"url\":\"https:\\\/\\\/anniethaispa.hu\\\/foglalasi-es-lemondasi-szabalyzat\\\/\",\"name\":\"Foglal\u00e1si \u00e9s lemond\u00e1si szab\u00e1lyzat - Annie Thai Spa\",\"isPartOf\":{\"@id\":\"https:\\\/\\\/anniethaispa.hu\\\/#website\"},\"datePublished\":\"2026-01-14T14:29:23+00:00\",\"dateModified\":\"2026-01-14T14:35:43+00:00\",\"breadcrumb\":{\"@id\":\"https:\\\/\\\/anniethaispa.hu\\\/foglalasi-es-lemondasi-szabalyzat\\\/#breadcrumb\"},\"inLanguage\":\"en-US\",\"potentialAction\":[{\"@type\":\"ReadAction\",\"target\":[\"https:\\\/\\\/anniethaispa.hu\\\/foglalasi-es-lemondasi-szabalyzat\\\/\"]}]},{\"@type\":\"BreadcrumbList\",\"@id\":\"https:\\\/\\\/anniethaispa.hu\\\/foglalasi-es-lemondasi-szabalyzat\\\/#breadcrumb\",\"itemListElement\":[{\"@type\":\"ListItem\",\"position\":1,\"name\":\"Home\",\"item\":\"https:\\\/\\\/anniethaispa.hu\\\/\"},{\"@type\":\"ListItem\",\"position\":2,\"name\":\"Foglal\u00e1si \u00e9s lemond\u00e1si szab\u00e1lyzat\"}]},{\"@type\":\"WebSite\",\"@id\":\"https:\\\/\\\/anniethaispa.hu\\\/#website\",\"url\":\"https:\\\/\\\/anniethaispa.hu\\\/\",\"name\":\"Annie Thai Spa\",\"description\":\"THAI MASSAGE &amp; SPA\",\"publisher\":{\"@id\":\"https:\\\/\\\/anniethaispa.hu\\\/#organization\"},\"potentialAction\":[{\"@type\":\"SearchAction\",\"target\":{\"@type\":\"EntryPoint\",\"urlTemplate\":\"https:\\\/\\\/anniethaispa.hu\\\/?s={search_term_string}\"},\"query-input\":{\"@type\":\"PropertyValueSpecification\",\"valueRequired\":true,\"valueName\":\"search_term_string\"}}],\"inLanguage\":\"en-US\"},{\"@type\":\"Organization\",\"@id\":\"https:\\\/\\\/anniethaispa.hu\\\/#organization\",\"name\":\"Annie Thai Spa\",\"url\":\"https:\\\/\\\/anniethaispa.hu\\\/\",\"logo\":{\"@type\":\"ImageObject\",\"inLanguage\":\"en-US\",\"@id\":\"https:\\\/\\\/anniethaispa.hu\\\/#\\\/schema\\\/logo\\\/image\\\/\",\"url\":\"https:\\\/\\\/anniethaispa.hu\\\/wp-content\\\/uploads\\\/2026\\\/01\\\/logo-favi.webp\",\"contentUrl\":\"https:\\\/\\\/anniethaispa.hu\\\/wp-content\\\/uploads\\\/2026\\\/01\\\/logo-favi.webp\",\"width\":756,\"height\":666,\"caption\":\"Annie Thai Spa\"},\"image\":{\"@id\":\"https:\\\/\\\/anniethaispa.hu\\\/#\\\/schema\\\/logo\\\/image\\\/\"}}]}<\/script>\n<!-- \/ Yoast SEO plugin. -->","yoast_head_json":{"title":"Booking and cancellation policy - Annie Thai Spa","robots":{"index":"index","follow":"follow","max-snippet":"max-snippet:-1","max-image-preview":"max-image-preview:large","max-video-preview":"max-video-preview:-1"},"canonical":"https:\/\/anniethaispa.hu\/en\/foglalasi-es-lemondasi-szabalyzat\/","og_locale":"en_US","og_type":"article","og_title":"Foglal\u00e1si \u00e9s lemond\u00e1si szab\u00e1lyzat - Annie Thai Spa","og_description":"Home \/ Foglal\u00e1si \u00e9s lemond\u00e1si szab\u00e1lyzat Foglal\u00e1si \u00e9s lemond\u00e1si szab\u00e1lyzat Kedves Vend\u00e9geink! K\u00e9rj\u00fck, vegy\u00e9k figyelembe az al\u00e1bbi szab\u00e1lyokat a foglal\u00e1sok m\u00f3dos\u00edt\u00e1sa vagy lemond\u00e1sa eset\u00e9n: Id\u0151pontfoglal\u00e1s jelent\u00e9se A foglal\u00e1s a Vend\u00e9g \u00e1ltal el\u0151re megadott id\u0151pontra t\u00f6rt\u00e9n\u0151 szolg\u00e1ltat\u00e1s ig\u00e9nybev\u00e9tel\u00e9nek lefoglal\u00e1s\u00e1t jelenti (online, telefonon vagy szem\u00e9lyesen a szalonban). A foglal\u00e1s sor\u00e1n a vend\u00e9g megadja a sz\u00fcks\u00e9ges adatokat (n\u00e9v, [&hellip;]","og_url":"https:\/\/anniethaispa.hu\/en\/foglalasi-es-lemondasi-szabalyzat\/","og_site_name":"Annie Thai Spa","article_modified_time":"2026-01-14T14:35:43+00:00","twitter_card":"summary_large_image","twitter_misc":{"Est. reading time":"2 minutes"},"schema":{"@context":"https:\/\/schema.org","@graph":[{"@type":"WebPage","@id":"https:\/\/anniethaispa.hu\/foglalasi-es-lemondasi-szabalyzat\/","url":"https:\/\/anniethaispa.hu\/foglalasi-es-lemondasi-szabalyzat\/","name":"Booking and cancellation policy - Annie Thai Spa","isPartOf":{"@id":"https:\/\/anniethaispa.hu\/#website"},"datePublished":"2026-01-14T14:29:23+00:00","dateModified":"2026-01-14T14:35:43+00:00","breadcrumb":{"@id":"https:\/\/anniethaispa.hu\/foglalasi-es-lemondasi-szabalyzat\/#breadcrumb"},"inLanguage":"en-US","potentialAction":[{"@type":"ReadAction","target":["https:\/\/anniethaispa.hu\/foglalasi-es-lemondasi-szabalyzat\/"]}]},{"@type":"BreadcrumbList","@id":"https:\/\/anniethaispa.hu\/foglalasi-es-lemondasi-szabalyzat\/#breadcrumb","itemListElement":[{"@type":"ListItem","position":1,"name":"Home","item":"https:\/\/anniethaispa.hu\/"},{"@type":"ListItem","position":2,"name":"Foglal\u00e1si \u00e9s lemond\u00e1si szab\u00e1lyzat"}]},{"@type":"WebSite","@id":"https:\/\/anniethaispa.hu\/#website","url":"https:\/\/anniethaispa.hu\/","name":"Annie Thai Spa","description":"THAI MASSAGE &amp; SPA","publisher":{"@id":"https:\/\/anniethaispa.hu\/#organization"},"potentialAction":[{"@type":"SearchAction","target":{"@type":"EntryPoint","urlTemplate":"https:\/\/anniethaispa.hu\/?s={search_term_string}"},"query-input":{"@type":"PropertyValueSpecification","valueRequired":true,"valueName":"search_term_string"}}],"inLanguage":"en-US"},{"@type":"Organization","@id":"https:\/\/anniethaispa.hu\/#organization","name":"Annie Thai Spa","url":"https:\/\/anniethaispa.hu\/","logo":{"@type":"ImageObject","inLanguage":"en-US","@id":"https:\/\/anniethaispa.hu\/#\/schema\/logo\/image\/","url":"https:\/\/anniethaispa.hu\/wp-content\/uploads\/2026\/01\/logo-favi.webp","contentUrl":"https:\/\/anniethaispa.hu\/wp-content\/uploads\/2026\/01\/logo-favi.webp","width":756,"height":666,"caption":"Annie Thai Spa"},"image":{"@id":"https:\/\/anniethaispa.hu\/#\/schema\/logo\/image\/"}}]}},"_links":{"self":[{"href":"https:\/\/anniethaispa.hu\/en\/wp-json\/wp\/v2\/pages\/436","targetHints":{"allow":["GET"]}}],"collection":[{"href":"https:\/\/anniethaispa.hu\/en\/wp-json\/wp\/v2\/pages"}],"about":[{"href":"https:\/\/anniethaispa.hu\/en\/wp-json\/wp\/v2\/types\/page"}],"author":[{"embeddable":true,"href":"https:\/\/anniethaispa.hu\/en\/wp-json\/wp\/v2\/users\/1"}],"replies":[{"embeddable":true,"href":"https:\/\/anniethaispa.hu\/en\/wp-json\/wp\/v2\/comments?post=436"}],"version-history":[{"count":19,"href":"https:\/\/anniethaispa.hu\/en\/wp-json\/wp\/v2\/pages\/436\/revisions"}],"predecessor-version":[{"id":461,"href":"https:\/\/anniethaispa.hu\/en\/wp-json\/wp\/v2\/pages\/436\/revisions\/461"}],"wp:attachment":[{"href":"https:\/\/anniethaispa.hu\/en\/wp-json\/wp\/v2\/media?parent=436"}],"curies":[{"name":"wp","href":"https:\/\/api.w.org\/{rel}","templated":true}]}}