{"id":410,"date":"2026-01-14T14:16:51","date_gmt":"2026-01-14T14:16:51","guid":{"rendered":"https:\/\/thaimassage.rwpstaging.site\/?page_id=410"},"modified":"2026-01-27T23:30:02","modified_gmt":"2026-01-27T23:30:02","slug":"hazirend","status":"publish","type":"page","link":"https:\/\/anniethaispa.hu\/en\/hazirend\/","title":{"rendered":"Policy"},"content":{"rendered":"<div data-elementor-type=\"wp-page\" data-elementor-id=\"410\" class=\"elementor elementor-410\" data-elementor-post-type=\"page\">\n\t\t\t\t\t\t<section class=\"elementor-section elementor-top-section elementor-element elementor-element-b47f452 elementor-section-boxed elementor-section-height-default elementor-section-height-default\" data-id=\"b47f452\" data-element_type=\"section\" data-e-type=\"section\" data-settings=\"{&quot;background_background&quot;:&quot;classic&quot;}\">\n\t\t\t\t\t\t\t<div class=\"elementor-background-overlay\"><\/div>\n\t\t\t\t\t\t\t<div class=\"elementor-container elementor-column-gap-default\">\n\t\t\t\t\t<div class=\"elementor-column elementor-col-100 elementor-top-column elementor-element elementor-element-6a4a5ef\" data-id=\"6a4a5ef\" data-element_type=\"column\" data-e-type=\"column\">\n\t\t\t<div class=\"elementor-widget-wrap elementor-element-populated\">\n\t\t\t\t\t\t<div class=\"elementor-element elementor-element-26a8cdb elementor-widget__width-auto elementor-icon-list--layout-traditional elementor-list-item-link-full_width elementor-widget elementor-widget-icon-list\" data-id=\"26a8cdb\" data-element_type=\"widget\" data-e-type=\"widget\" data-widget_type=\"icon-list.default\">\n\t\t\t\t<div class=\"elementor-widget-container\">\n\t\t\t\t\t\t\t<ul class=\"elementor-icon-list-items\">\n\t\t\t\t\t\t\t<li class=\"elementor-icon-list-item\">\n\t\t\t\t\t\t\t\t\t\t\t<a href=\"\/en\/\">\n\n\t\t\t\t\t\t\t\t\t\t\t<span class=\"elementor-icon-list-text\">Home<\/span>\n\t\t\t\t\t\t\t\t\t\t\t<\/a>\n\t\t\t\t\t\t\t\t\t<\/li>\n\t\t\t\t\t\t<\/ul>\n\t\t\t\t\t\t<\/div>\n\t\t\t\t<\/div>\n\t\t\t\t<div class=\"elementor-element elementor-element-39bb249 elementor-widget__width-auto elementor-widget elementor-widget-heading\" data-id=\"39bb249\" data-element_type=\"widget\" data-e-type=\"widget\" data-widget_type=\"heading.default\">\n\t\t\t\t<div class=\"elementor-widget-container\">\n\t\t\t\t\t<h2 class=\"elementor-heading-title elementor-size-default\">\/<\/h2>\t\t\t\t<\/div>\n\t\t\t\t<\/div>\n\t\t\t\t<div class=\"elementor-element elementor-element-3899577 elementor-widget__width-auto elementor-icon-list--layout-traditional elementor-list-item-link-full_width elementor-widget elementor-widget-icon-list\" data-id=\"3899577\" data-element_type=\"widget\" data-e-type=\"widget\" data-widget_type=\"icon-list.default\">\n\t\t\t\t<div class=\"elementor-widget-container\">\n\t\t\t\t\t\t\t<ul class=\"elementor-icon-list-items\">\n\t\t\t\t\t\t\t<li class=\"elementor-icon-list-item\">\n\t\t\t\t\t\t\t\t\t\t<span class=\"elementor-icon-list-text\">Policy<\/span>\n\t\t\t\t\t\t\t\t\t<\/li>\n\t\t\t\t\t\t<\/ul>\n\t\t\t\t\t\t<\/div>\n\t\t\t\t<\/div>\n\t\t\t\t<div class=\"elementor-element elementor-element-3475e07 elementor-widget elementor-widget-heading\" data-id=\"3475e07\" data-element_type=\"widget\" data-e-type=\"widget\" data-widget_type=\"heading.default\">\n\t\t\t\t<div class=\"elementor-widget-container\">\n\t\t\t\t\t<h2 class=\"elementor-heading-title elementor-size-default\">Guest friendly policy<\/h2>\t\t\t\t<\/div>\n\t\t\t\t<\/div>\n\t\t\t\t\t<\/div>\n\t\t<\/div>\n\t\t\t\t\t<\/div>\n\t\t<\/section>\n\t\t<div class=\"elementor-element elementor-element-a0f2dea e-flex e-con-boxed e-con e-parent\" data-id=\"a0f2dea\" data-element_type=\"container\" data-e-type=\"container\">\n\t\t\t\t\t<div class=\"e-con-inner\">\n\t\t\t\t<div class=\"elementor-element elementor-element-54c6730 elementor-widget elementor-widget-text-editor\" data-id=\"54c6730\" data-element_type=\"widget\" data-e-type=\"widget\" data-widget_type=\"text-editor.default\">\n\t\t\t\t<div class=\"elementor-widget-container\">\n\t\t\t\t\t\t\t\t\t<p><strong>Dear Guests!<\/strong><\/p><p>The following is a brief summary designed to Hiranya Massage &amp; Spa visit for everyone calm, pleasant and smooth to be. The detailed rules of the terms and Conditions.<\/p>\t\t\t\t\t\t\t\t<\/div>\n\t\t\t\t<\/div>\n\t\t\t\t<div class=\"elementor-element elementor-element-055cde3 elementor-widget-divider--view-line elementor-widget elementor-widget-divider\" data-id=\"055cde3\" data-element_type=\"widget\" data-e-type=\"widget\" data-widget_type=\"divider.default\">\n\t\t\t\t<div class=\"elementor-widget-container\">\n\t\t\t\t\t\t\t<div class=\"elementor-divider\">\n\t\t\t<span class=\"elementor-divider-separator\">\n\t\t\t\t\t\t<\/span>\n\t\t<\/div>\n\t\t\t\t\t\t<\/div>\n\t\t\t\t<\/div>\n\t\t\t\t<div class=\"elementor-element elementor-element-94999b1 elementor-widget elementor-widget-text-editor\" data-id=\"94999b1\" data-element_type=\"widget\" data-e-type=\"widget\" data-widget_type=\"text-editor.default\">\n\t\t\t\t<div class=\"elementor-widget-container\">\n\t\t\t\t\t\t\t\t\t<p><strong>Booking and arrival<\/strong><\/p><ul><li>Appointment booking exclusively online through the website is possible.<\/li><li>The booking is sent with the contract created by the TERMS and conditions will be automatically accepted.<\/li><li>Please arrive at the exact, ideal for the busy time before approx. <strong>5 minutes<\/strong>.<\/li><li>Too early arrival, you may have to wait we have to ask.<\/li><\/ul>\t\t\t\t\t\t\t\t<\/div>\n\t\t\t\t<\/div>\n\t\t\t\t<div class=\"elementor-element elementor-element-8fba9f4 elementor-widget-divider--view-line elementor-widget elementor-widget-divider\" data-id=\"8fba9f4\" data-element_type=\"widget\" data-e-type=\"widget\" data-widget_type=\"divider.default\">\n\t\t\t\t<div class=\"elementor-widget-container\">\n\t\t\t\t\t\t\t<div class=\"elementor-divider\">\n\t\t\t<span class=\"elementor-divider-separator\">\n\t\t\t\t\t\t<\/span>\n\t\t<\/div>\n\t\t\t\t\t\t<\/div>\n\t\t\t\t<\/div>\n\t\t\t\t<div class=\"elementor-element elementor-element-3285598 elementor-widget elementor-widget-text-editor\" data-id=\"3285598\" data-element_type=\"widget\" data-e-type=\"widget\" data-widget_type=\"text-editor.default\">\n\t\t\t\t<div class=\"elementor-widget-container\">\n\t\t\t\t\t\t\t\t\t<p><strong>Entry, order and tranquility<\/strong><\/p><ul><li>The opening times in the <strong>front door, limited open<\/strong>the treatments disruption of the in order to.<\/li><li>We ask our Guests to <strong>the business on entry into the shoes at the door take off<\/strong>, helping you to clean and harmonious environment preservation.<\/li><li>Please contribute to the relaxed atmosphere for quiet behavior and each other with respect.<\/li><\/ul>\t\t\t\t\t\t\t\t<\/div>\n\t\t\t\t<\/div>\n\t\t\t\t<div class=\"elementor-element elementor-element-618e562 elementor-widget-divider--view-line elementor-widget elementor-widget-divider\" data-id=\"618e562\" data-element_type=\"widget\" data-e-type=\"widget\" data-widget_type=\"divider.default\">\n\t\t\t\t<div class=\"elementor-widget-container\">\n\t\t\t\t\t\t\t<div class=\"elementor-divider\">\n\t\t\t<span class=\"elementor-divider-separator\">\n\t\t\t\t\t\t<\/span>\n\t\t<\/div>\n\t\t\t\t\t\t<\/div>\n\t\t\t\t<\/div>\n\t\t\t\t<div class=\"elementor-element elementor-element-30f759e elementor-widget elementor-widget-text-editor\" data-id=\"30f759e\" data-element_type=\"widget\" data-e-type=\"widget\" data-widget_type=\"text-editor.default\">\n\t\t\t\t<div class=\"elementor-widget-container\">\n\t\t\t\t\t\t\t\t\t<p><strong>Payment and billing<\/strong><\/p><ul><li>The payment, only bank card during the booking process.<\/li><li>The bill is a private person or company's name on request.<\/li><li>The account, the system will automatically e-mail sent.<\/li><\/ul>\t\t\t\t\t\t\t\t<\/div>\n\t\t\t\t<\/div>\n\t\t\t\t<div class=\"elementor-element elementor-element-fa31722 elementor-widget-divider--view-line elementor-widget elementor-widget-divider\" data-id=\"fa31722\" data-element_type=\"widget\" data-e-type=\"widget\" data-widget_type=\"divider.default\">\n\t\t\t\t<div class=\"elementor-widget-container\">\n\t\t\t\t\t\t\t<div class=\"elementor-divider\">\n\t\t\t<span class=\"elementor-divider-separator\">\n\t\t\t\t\t\t<\/span>\n\t\t<\/div>\n\t\t\t\t\t\t<\/div>\n\t\t\t\t<\/div>\n\t\t\t\t<div class=\"elementor-element elementor-element-f6927d3 elementor-widget elementor-widget-text-editor\" data-id=\"f6927d3\" data-element_type=\"widget\" data-e-type=\"widget\" data-widget_type=\"text-editor.default\">\n\t\t\t\t<div class=\"elementor-widget-container\">\n\t\t\t\t\t\t\t\t\t<p><strong>Cancellation and no-show<\/strong><\/p><ul><li>Within 24 hours of the booking cannot be changed and can't be said down.<\/li><li>And the service fails, a refund is not possible.<\/li><li>Force majeure (e.g. illness, accident) in the case of 14 days, a new date may be requested.<\/li><\/ul>\t\t\t\t\t\t\t\t<\/div>\n\t\t\t\t<\/div>\n\t\t\t\t<div class=\"elementor-element elementor-element-6eb1593 elementor-widget-divider--view-line elementor-widget elementor-widget-divider\" data-id=\"6eb1593\" data-element_type=\"widget\" data-e-type=\"widget\" data-widget_type=\"divider.default\">\n\t\t\t\t<div class=\"elementor-widget-container\">\n\t\t\t\t\t\t\t<div class=\"elementor-divider\">\n\t\t\t<span class=\"elementor-divider-separator\">\n\t\t\t\t\t\t<\/span>\n\t\t<\/div>\n\t\t\t\t\t\t<\/div>\n\t\t\t\t<\/div>\n\t\t\t\t<div class=\"elementor-element elementor-element-04dbbfa elementor-widget elementor-widget-text-editor\" data-id=\"04dbbfa\" data-element_type=\"widget\" data-e-type=\"widget\" data-widget_type=\"text-editor.default\">\n\t\t\t\t<div class=\"elementor-widget-container\">\n\t\t\t\t\t\t\t\t\t<p><strong>Communication<\/strong><\/p><ul><li>The masseuses don't speak fluent English.<\/li><li>The communication in the English language or translation application is using.<\/li><\/ul>\t\t\t\t\t\t\t\t<\/div>\n\t\t\t\t<\/div>\n\t\t\t\t<div class=\"elementor-element elementor-element-897ba0b elementor-widget-divider--view-line elementor-widget elementor-widget-divider\" data-id=\"897ba0b\" data-element_type=\"widget\" data-e-type=\"widget\" data-widget_type=\"divider.default\">\n\t\t\t\t<div class=\"elementor-widget-container\">\n\t\t\t\t\t\t\t<div class=\"elementor-divider\">\n\t\t\t<span class=\"elementor-divider-separator\">\n\t\t\t\t\t\t<\/span>\n\t\t<\/div>\n\t\t\t\t\t\t<\/div>\n\t\t\t\t<\/div>\n\t\t\t\t<div class=\"elementor-element elementor-element-bceac0b elementor-widget elementor-widget-text-editor\" data-id=\"bceac0b\" data-element_type=\"widget\" data-e-type=\"widget\" data-widget_type=\"text-editor.default\">\n\t\t\t\t<div class=\"elementor-widget-container\">\n\t\t\t\t\t\t\t\t\t<p><strong>Shower usage<\/strong><\/p><ul><li>Massage after shower only on some treatments available.<\/li><li>The shower's usage in advance is required to book.<\/li><li>Total length of 10 minutes (5 minutes in the shower, 5 minutes cleaning).<\/li><\/ul>\t\t\t\t\t\t\t\t<\/div>\n\t\t\t\t<\/div>\n\t\t\t\t<div class=\"elementor-element elementor-element-e556438 elementor-widget-divider--view-line elementor-widget elementor-widget-divider\" data-id=\"e556438\" data-element_type=\"widget\" data-e-type=\"widget\" data-widget_type=\"divider.default\">\n\t\t\t\t<div class=\"elementor-widget-container\">\n\t\t\t\t\t\t\t<div class=\"elementor-divider\">\n\t\t\t<span class=\"elementor-divider-separator\">\n\t\t\t\t\t\t<\/span>\n\t\t<\/div>\n\t\t\t\t\t\t<\/div>\n\t\t\t\t<\/div>\n\t\t\t\t<div class=\"elementor-element elementor-element-00a7868 elementor-widget elementor-widget-text-editor\" data-id=\"00a7868\" data-element_type=\"widget\" data-e-type=\"widget\" data-widget_type=\"text-editor.default\">\n\t\t\t\t<div class=\"elementor-widget-container\">\n\t\t\t\t\t\t\t\t\t<p><strong>Camera surveillance<\/strong><\/p><ul><li>The business is entering the space, and each warehouse and service areas, security cameras work.<\/li><li>The cameras <strong>they're not watching<\/strong> the massage space, as well as the locker room and shower corners.<\/li><li>The footage up to 3 months stored will be deleted automatically.<\/li><li>The business entrance above the city surveillance cameras are located.<\/li><\/ul>\t\t\t\t\t\t\t\t<\/div>\n\t\t\t\t<\/div>\n\t\t\t\t<div class=\"elementor-element elementor-element-1b6ee42 elementor-widget-divider--view-line elementor-widget elementor-widget-divider\" data-id=\"1b6ee42\" data-element_type=\"widget\" data-e-type=\"widget\" data-widget_type=\"divider.default\">\n\t\t\t\t<div class=\"elementor-widget-container\">\n\t\t\t\t\t\t\t<div class=\"elementor-divider\">\n\t\t\t<span class=\"elementor-divider-separator\">\n\t\t\t\t\t\t<\/span>\n\t\t<\/div>\n\t\t\t\t\t\t<\/div>\n\t\t\t\t<\/div>\n\t\t\t\t<div class=\"elementor-element elementor-element-f59ba67 elementor-widget elementor-widget-text-editor\" data-id=\"f59ba67\" data-element_type=\"widget\" data-e-type=\"widget\" data-widget_type=\"text-editor.default\">\n\t\t\t\t<div class=\"elementor-widget-container\">\n\t\t\t\t\t\t\t\t\t<p><strong>Thank you for your cooperation and understanding.<\/strong><\/p><p>Our goal is that every guest is real upload with leave.<\/p><p><strong>Hiranya Massage &amp; Spa<\/strong><\/p>\t\t\t\t\t\t\t\t<\/div>\n\t\t\t\t<\/div>\n\t\t\t\t\t<\/div>\n\t\t\t\t<\/div>\n\t\t\t\t<\/div>","protected":false},"excerpt":{"rendered":"<p>Home \/ H\u00e1zirend Vend\u00e9gbar\u00e1t h\u00e1zirend Kedves Vend\u00e9geink! Az al\u00e1bbi r\u00f6vid \u00f6sszefoglal\u00f3 c\u00e9lja, hogy a Hiranya Massage &amp; Spa l\u00e1togat\u00e1sa mindenki sz\u00e1m\u00e1ra nyugodt, kellemes \u00e9s zavartalan legyen. A r\u00e9szletes szab\u00e1lyokat az \u00c1ltal\u00e1nos Szerz\u0151d\u00e9si Felt\u00e9telek tartalmazz\u00e1k. Foglal\u00e1s \u00e9s \u00e9rkez\u00e9s Id\u0151pontfoglal\u00e1s kiz\u00e1r\u00f3lag online, a weboldalon kereszt\u00fcl lehets\u00e9ges. A foglal\u00e1s elk\u00fcld\u00e9s\u00e9vel szerz\u0151d\u00e9s j\u00f6n l\u00e9tre, az \u00c1SZF automatikusan elfogad\u00e1sra ker\u00fcl. [&hellip;]<\/p>\n","protected":false},"author":1,"featured_media":0,"parent":0,"menu_order":0,"comment_status":"closed","ping_status":"closed","template":"elementor_header_footer","meta":{"footnotes":""},"class_list":["post-410","page","type-page","status-publish","hentry"],"yoast_head":"<!-- This site is optimized with the Yoast SEO plugin v27.3 - https:\/\/yoast.com\/product\/yoast-seo-wordpress\/ -->\n<title>H\u00e1zirend \u2013 Vend\u00e9gbar\u00e1t Szab\u00e1lyok | Annie Thai Spa<\/title>\n<meta name=\"description\" content=\"Annie Thai Spa h\u00e1zirend: foglal\u00e1si tudnival\u00f3k, lemond\u00e1si felt\u00e9telek, fizet\u00e9si m\u00f3dok. Online id\u0151pontfoglal\u00e1s, bankk\u00e1rty\u00e1s fizet\u00e9s. Olvassa el szab\u00e1lyainkat!\" \/>\n<meta name=\"robots\" content=\"index, follow, max-snippet:-1, max-image-preview:large, max-video-preview:-1\" \/>\n<link rel=\"canonical\" href=\"https:\/\/anniethaispa.hu\/en\/hazirend\/\" \/>\n<meta property=\"og:locale\" content=\"en_US\" \/>\n<meta property=\"og:type\" content=\"article\" \/>\n<meta property=\"og:title\" content=\"H\u00e1zirend \u2013 Vend\u00e9gbar\u00e1t Szab\u00e1lyok | Annie Thai Spa\" \/>\n<meta property=\"og:description\" content=\"Annie Thai Spa h\u00e1zirend: foglal\u00e1si tudnival\u00f3k, lemond\u00e1si felt\u00e9telek, fizet\u00e9si m\u00f3dok. Online id\u0151pontfoglal\u00e1s, bankk\u00e1rty\u00e1s fizet\u00e9s. Olvassa el szab\u00e1lyainkat!\" \/>\n<meta property=\"og:url\" content=\"https:\/\/anniethaispa.hu\/en\/hazirend\/\" \/>\n<meta property=\"og:site_name\" content=\"Annie Thai Spa\" \/>\n<meta property=\"article:modified_time\" content=\"2026-01-27T23:30:02+00:00\" \/>\n<meta name=\"twitter:card\" content=\"summary_large_image\" \/>\n<meta name=\"twitter:label1\" content=\"Est. reading time\" \/>\n\t<meta name=\"twitter:data1\" content=\"2 minutes\" \/>\n<script type=\"application\/ld+json\" class=\"yoast-schema-graph\">{\"@context\":\"https:\\\/\\\/schema.org\",\"@graph\":[{\"@type\":\"WebPage\",\"@id\":\"https:\\\/\\\/anniethaispa.hu\\\/hazirend\\\/\",\"url\":\"https:\\\/\\\/anniethaispa.hu\\\/hazirend\\\/\",\"name\":\"H\u00e1zirend \u2013 Vend\u00e9gbar\u00e1t Szab\u00e1lyok | Annie Thai Spa\",\"isPartOf\":{\"@id\":\"https:\\\/\\\/anniethaispa.hu\\\/#website\"},\"datePublished\":\"2026-01-14T14:16:51+00:00\",\"dateModified\":\"2026-01-27T23:30:02+00:00\",\"description\":\"Annie Thai Spa h\u00e1zirend: foglal\u00e1si tudnival\u00f3k, lemond\u00e1si felt\u00e9telek, fizet\u00e9si m\u00f3dok. Online id\u0151pontfoglal\u00e1s, bankk\u00e1rty\u00e1s fizet\u00e9s. Olvassa el szab\u00e1lyainkat!\",\"breadcrumb\":{\"@id\":\"https:\\\/\\\/anniethaispa.hu\\\/hazirend\\\/#breadcrumb\"},\"inLanguage\":\"en-US\",\"potentialAction\":[{\"@type\":\"ReadAction\",\"target\":[\"https:\\\/\\\/anniethaispa.hu\\\/hazirend\\\/\"]}]},{\"@type\":\"BreadcrumbList\",\"@id\":\"https:\\\/\\\/anniethaispa.hu\\\/hazirend\\\/#breadcrumb\",\"itemListElement\":[{\"@type\":\"ListItem\",\"position\":1,\"name\":\"Home\",\"item\":\"https:\\\/\\\/anniethaispa.hu\\\/\"},{\"@type\":\"ListItem\",\"position\":2,\"name\":\"H\u00e1zirend\"}]},{\"@type\":\"WebSite\",\"@id\":\"https:\\\/\\\/anniethaispa.hu\\\/#website\",\"url\":\"https:\\\/\\\/anniethaispa.hu\\\/\",\"name\":\"Annie Thai Spa\",\"description\":\"THAI MASSAGE &amp; SPA\",\"publisher\":{\"@id\":\"https:\\\/\\\/anniethaispa.hu\\\/#organization\"},\"potentialAction\":[{\"@type\":\"SearchAction\",\"target\":{\"@type\":\"EntryPoint\",\"urlTemplate\":\"https:\\\/\\\/anniethaispa.hu\\\/?s={search_term_string}\"},\"query-input\":{\"@type\":\"PropertyValueSpecification\",\"valueRequired\":true,\"valueName\":\"search_term_string\"}}],\"inLanguage\":\"en-US\"},{\"@type\":\"Organization\",\"@id\":\"https:\\\/\\\/anniethaispa.hu\\\/#organization\",\"name\":\"Annie Thai Spa\",\"url\":\"https:\\\/\\\/anniethaispa.hu\\\/\",\"logo\":{\"@type\":\"ImageObject\",\"inLanguage\":\"en-US\",\"@id\":\"https:\\\/\\\/anniethaispa.hu\\\/#\\\/schema\\\/logo\\\/image\\\/\",\"url\":\"https:\\\/\\\/anniethaispa.hu\\\/wp-content\\\/uploads\\\/2026\\\/01\\\/logo-favi.webp\",\"contentUrl\":\"https:\\\/\\\/anniethaispa.hu\\\/wp-content\\\/uploads\\\/2026\\\/01\\\/logo-favi.webp\",\"width\":756,\"height\":666,\"caption\":\"Annie Thai Spa\"},\"image\":{\"@id\":\"https:\\\/\\\/anniethaispa.hu\\\/#\\\/schema\\\/logo\\\/image\\\/\"}}]}<\/script>\n<!-- \/ Yoast SEO plugin. -->","yoast_head_json":{"title":"Policy \u2013 Guest-Friendly Rules | Annie's Thai Spa","description":"Annie Thai Spa policy: booking information, terms and conditions of cancellation, payment methods. Online appointment booking, credit card payment. Read rules!","robots":{"index":"index","follow":"follow","max-snippet":"max-snippet:-1","max-image-preview":"max-image-preview:large","max-video-preview":"max-video-preview:-1"},"canonical":"https:\/\/anniethaispa.hu\/en\/hazirend\/","og_locale":"en_US","og_type":"article","og_title":"H\u00e1zirend \u2013 Vend\u00e9gbar\u00e1t Szab\u00e1lyok | Annie Thai Spa","og_description":"Annie Thai Spa h\u00e1zirend: foglal\u00e1si tudnival\u00f3k, lemond\u00e1si felt\u00e9telek, fizet\u00e9si m\u00f3dok. Online id\u0151pontfoglal\u00e1s, bankk\u00e1rty\u00e1s fizet\u00e9s. Olvassa el szab\u00e1lyainkat!","og_url":"https:\/\/anniethaispa.hu\/en\/hazirend\/","og_site_name":"Annie Thai Spa","article_modified_time":"2026-01-27T23:30:02+00:00","twitter_card":"summary_large_image","twitter_misc":{"Est. reading time":"2 minutes"},"schema":{"@context":"https:\/\/schema.org","@graph":[{"@type":"WebPage","@id":"https:\/\/anniethaispa.hu\/hazirend\/","url":"https:\/\/anniethaispa.hu\/hazirend\/","name":"Policy \u2013 Guest-Friendly Rules | Annie's Thai Spa","isPartOf":{"@id":"https:\/\/anniethaispa.hu\/#website"},"datePublished":"2026-01-14T14:16:51+00:00","dateModified":"2026-01-27T23:30:02+00:00","description":"Annie Thai Spa policy: booking information, terms and conditions of cancellation, payment methods. Online appointment booking, credit card payment. Read rules!","breadcrumb":{"@id":"https:\/\/anniethaispa.hu\/hazirend\/#breadcrumb"},"inLanguage":"en-US","potentialAction":[{"@type":"ReadAction","target":["https:\/\/anniethaispa.hu\/hazirend\/"]}]},{"@type":"BreadcrumbList","@id":"https:\/\/anniethaispa.hu\/hazirend\/#breadcrumb","itemListElement":[{"@type":"ListItem","position":1,"name":"Home","item":"https:\/\/anniethaispa.hu\/"},{"@type":"ListItem","position":2,"name":"H\u00e1zirend"}]},{"@type":"WebSite","@id":"https:\/\/anniethaispa.hu\/#website","url":"https:\/\/anniethaispa.hu\/","name":"Annie Thai Spa","description":"THAI MASSAGE &amp; SPA","publisher":{"@id":"https:\/\/anniethaispa.hu\/#organization"},"potentialAction":[{"@type":"SearchAction","target":{"@type":"EntryPoint","urlTemplate":"https:\/\/anniethaispa.hu\/?s={search_term_string}"},"query-input":{"@type":"PropertyValueSpecification","valueRequired":true,"valueName":"search_term_string"}}],"inLanguage":"en-US"},{"@type":"Organization","@id":"https:\/\/anniethaispa.hu\/#organization","name":"Annie Thai Spa","url":"https:\/\/anniethaispa.hu\/","logo":{"@type":"ImageObject","inLanguage":"en-US","@id":"https:\/\/anniethaispa.hu\/#\/schema\/logo\/image\/","url":"https:\/\/anniethaispa.hu\/wp-content\/uploads\/2026\/01\/logo-favi.webp","contentUrl":"https:\/\/anniethaispa.hu\/wp-content\/uploads\/2026\/01\/logo-favi.webp","width":756,"height":666,"caption":"Annie Thai Spa"},"image":{"@id":"https:\/\/anniethaispa.hu\/#\/schema\/logo\/image\/"}}]}},"_links":{"self":[{"href":"https:\/\/anniethaispa.hu\/en\/wp-json\/wp\/v2\/pages\/410","targetHints":{"allow":["GET"]}}],"collection":[{"href":"https:\/\/anniethaispa.hu\/en\/wp-json\/wp\/v2\/pages"}],"about":[{"href":"https:\/\/anniethaispa.hu\/en\/wp-json\/wp\/v2\/types\/page"}],"author":[{"embeddable":true,"href":"https:\/\/anniethaispa.hu\/en\/wp-json\/wp\/v2\/users\/1"}],"replies":[{"embeddable":true,"href":"https:\/\/anniethaispa.hu\/en\/wp-json\/wp\/v2\/comments?post=410"}],"version-history":[{"count":38,"href":"https:\/\/anniethaispa.hu\/en\/wp-json\/wp\/v2\/pages\/410\/revisions"}],"predecessor-version":[{"id":819,"href":"https:\/\/anniethaispa.hu\/en\/wp-json\/wp\/v2\/pages\/410\/revisions\/819"}],"wp:attachment":[{"href":"https:\/\/anniethaispa.hu\/en\/wp-json\/wp\/v2\/media?parent=410"}],"curies":[{"name":"wp","href":"https:\/\/api.w.org\/{rel}","templated":true}]}}