{"id":703,"date":"2026-01-16T14:49:25","date_gmt":"2026-01-16T14:49:25","guid":{"rendered":"https:\/\/thaimassage.rwpstaging.site\/?page_id=703"},"modified":"2026-01-19T12:19:04","modified_gmt":"2026-01-19T12:19:04","slug":"impresszum","status":"publish","type":"page","link":"https:\/\/anniethaispa.hu\/de\/impresszum\/","title":{"rendered":"Impressum"},"content":{"rendered":"\t\t<div data-elementor-type=\"wp-page\" data-elementor-id=\"703\" class=\"elementor elementor-703\" data-elementor-post-type=\"page\">\n\t\t\t\t\t\t<section class=\"elementor-section elementor-top-section elementor-element elementor-element-5c1405d elementor-section-boxed elementor-section-height-default elementor-section-height-default\" data-id=\"5c1405d\" data-element_type=\"section\" data-e-type=\"section\" data-settings=\"{&quot;background_background&quot;:&quot;classic&quot;}\">\n\t\t\t\t\t\t\t<div class=\"elementor-background-overlay\"><\/div>\n\t\t\t\t\t\t\t<div class=\"elementor-container elementor-column-gap-default\">\n\t\t\t\t\t<div class=\"elementor-column elementor-col-100 elementor-top-column elementor-element elementor-element-fe41573\" data-id=\"fe41573\" data-element_type=\"column\" data-e-type=\"column\">\n\t\t\t<div class=\"elementor-widget-wrap elementor-element-populated\">\n\t\t\t\t\t\t<div class=\"elementor-element elementor-element-ba32ea7 elementor-widget__width-auto elementor-icon-list--layout-traditional elementor-list-item-link-full_width elementor-widget elementor-widget-icon-list\" data-id=\"ba32ea7\" data-element_type=\"widget\" data-e-type=\"widget\" data-widget_type=\"icon-list.default\">\n\t\t\t\t<div class=\"elementor-widget-container\">\n\t\t\t\t\t\t\t<ul class=\"elementor-icon-list-items\">\n\t\t\t\t\t\t\t<li class=\"elementor-icon-list-item\">\n\t\t\t\t\t\t\t\t\t\t\t<a href=\"\/\">\n\n\t\t\t\t\t\t\t\t\t\t\t<span class=\"elementor-icon-list-text\">Home<\/span>\n\t\t\t\t\t\t\t\t\t\t\t<\/a>\n\t\t\t\t\t\t\t\t\t<\/li>\n\t\t\t\t\t\t<\/ul>\n\t\t\t\t\t\t<\/div>\n\t\t\t\t<\/div>\n\t\t\t\t<div class=\"elementor-element elementor-element-947c203 elementor-widget__width-auto elementor-widget elementor-widget-heading\" data-id=\"947c203\" data-element_type=\"widget\" data-e-type=\"widget\" data-widget_type=\"heading.default\">\n\t\t\t\t<div class=\"elementor-widget-container\">\n\t\t\t\t\t<h2 class=\"elementor-heading-title elementor-size-default\">\/<\/h2>\t\t\t\t<\/div>\n\t\t\t\t<\/div>\n\t\t\t\t<div class=\"elementor-element elementor-element-92c6025 elementor-widget__width-auto elementor-icon-list--layout-traditional elementor-list-item-link-full_width elementor-widget elementor-widget-icon-list\" data-id=\"92c6025\" data-element_type=\"widget\" data-e-type=\"widget\" data-widget_type=\"icon-list.default\">\n\t\t\t\t<div class=\"elementor-widget-container\">\n\t\t\t\t\t\t\t<ul class=\"elementor-icon-list-items\">\n\t\t\t\t\t\t\t<li class=\"elementor-icon-list-item\">\n\t\t\t\t\t\t\t\t\t\t<span class=\"elementor-icon-list-text\">Impresszum<\/span>\n\t\t\t\t\t\t\t\t\t<\/li>\n\t\t\t\t\t\t<\/ul>\n\t\t\t\t\t\t<\/div>\n\t\t\t\t<\/div>\n\t\t\t\t<div class=\"elementor-element elementor-element-12d7e70 elementor-widget elementor-widget-heading\" data-id=\"12d7e70\" data-element_type=\"widget\" data-e-type=\"widget\" data-widget_type=\"heading.default\">\n\t\t\t\t<div class=\"elementor-widget-container\">\n\t\t\t\t\t<h2 class=\"elementor-heading-title elementor-size-default\">Impresszum<\/h2>\t\t\t\t<\/div>\n\t\t\t\t<\/div>\n\t\t\t\t\t<\/div>\n\t\t<\/div>\n\t\t\t\t\t<\/div>\n\t\t<\/section>\n\t\t<div class=\"elementor-element elementor-element-b967610 e-flex e-con-boxed e-con e-parent\" data-id=\"b967610\" data-element_type=\"container\" data-e-type=\"container\">\n\t\t\t\t\t<div class=\"e-con-inner\">\n\t\t\t\t<div class=\"elementor-element elementor-element-bdad4dd elementor-widget elementor-widget-text-editor\" data-id=\"bdad4dd\" data-element_type=\"widget\" data-e-type=\"widget\" data-widget_type=\"text-editor.default\">\n\t\t\t\t<div class=\"elementor-widget-container\">\n\t\t\t\t\t\t\t\t\t<p><strong>Impresszum<\/strong><\/p><p><strong>Weboldal \u00fczemeltet\u0151je:<\/strong><br \/><strong>WestTeam Biotech Kft.<\/strong><br \/>Teljes n\u00e9v:\u00a0<em>WestTeam Biotech Biotechnol\u00f3giai Tan\u00e1csad\u00f3, Szolg\u00e1ltat\u00f3 \u00e9s Kereskedelmi Korl\u00e1tolt Felel\u0151ss\u00e9g\u0171 T\u00e1rsas\u00e1g<\/em><br \/>Sz\u00e9khely:\u00a0<strong>7621 P\u00e9cs, Papn\u00f6velde utca 45.<\/strong><br \/>C\u00e9gjegyz\u00e9ksz\u00e1m:\u00a0<strong>02-09-063791<\/strong><br \/>Ad\u00f3sz\u00e1m:\u00a0<strong>11364120-2-02<\/strong><br \/>Telefonsz\u00e1m:\u00a0<strong>+36-30-298-8711<\/strong><br \/>E-mail c\u00edm:\u00a0<strong>westteam.biotech@gmail.com<\/strong><br \/>\u00dcgyvezet\u0151:\u00a0<strong>Dr. Melegh B\u00e9la P\u00e1l<\/strong><\/p><p><strong>T\u00e1rhelyszolg\u00e1ltat\u00f3:<\/strong><br \/>N\u00e9v:\u00a0<em>[T\u00e1rhelyszolg\u00e1ltat\u00f3 neve]<\/em><br \/>Sz\u00e9khely:\u00a0<em>[Sz\u00e9khely c\u00edme]<\/em><br \/>E-mail \/ kapcsolat:\u00a0<em>[Szolg\u00e1ltat\u00f3 el\u00e9rhet\u0151s\u00e9ge]<\/em><\/p><p><strong>Honlap:<\/strong>\u00a0<em>[a weboldal URL-je]<\/em><\/p><p>\u00a0<\/p><p>Felel\u0151ss\u00e9gi nyilatkozat:<br \/>\u201eA weboldalon tal\u00e1lhat\u00f3 inform\u00e1ci\u00f3k hiteles forr\u00e1sb\u00f3l sz\u00e1rmaznak, de azok tartalma nem min\u0151s\u00fcl jogi vagy szakmai tan\u00e1csad\u00e1snak. A szolg\u00e1ltat\u00f3 nem v\u00e1llal felel\u0151ss\u00e9get az adatok aktualit\u00e1s\u00e1\u00e9rt vagy pontoss\u00e1g\u00e1\u00e9rt.\u201d<\/p><p>\u00a0<\/p><p>Szerz\u0151i jogi megjegyz\u00e9s:<br \/>\u201eA weboldalon k\u00f6z\u00f6lt tartalom (sz\u00f6vegek, k\u00e9pek, grafik\u00e1k) minden jog fenntartva, annak m\u00e1sol\u00e1sa, terjeszt\u00e9se kiz\u00e1r\u00f3lag a tulajdonos \u00edr\u00e1sos enged\u00e9ly\u00e9vel lehets\u00e9ges.\u201d<\/p><p>\u00a0<\/p>\t\t\t\t\t\t\t\t<\/div>\n\t\t\t\t<\/div>\n\t\t\t\t\t<\/div>\n\t\t\t\t<\/div>\n\t\t\t\t<\/div>\n\t\t","protected":false},"excerpt":{"rendered":"<p>Home \/ Impresszum Impresszum Impresszum Weboldal \u00fczemeltet\u0151je:WestTeam Biotech Kft.Teljes n\u00e9v:\u00a0WestTeam Biotech Biotechnol\u00f3giai Tan\u00e1csad\u00f3, Szolg\u00e1ltat\u00f3 \u00e9s Kereskedelmi Korl\u00e1tolt Felel\u0151ss\u00e9g\u0171 T\u00e1rsas\u00e1gSz\u00e9khely:\u00a07621 P\u00e9cs, Papn\u00f6velde utca 45.C\u00e9gjegyz\u00e9ksz\u00e1m:\u00a002-09-063791Ad\u00f3sz\u00e1m:\u00a011364120-2-02Telefonsz\u00e1m:\u00a0+36-30-298-8711E-mail c\u00edm:\u00a0westteam.biotech@gmail.com\u00dcgyvezet\u0151:\u00a0Dr. Melegh B\u00e9la P\u00e1l T\u00e1rhelyszolg\u00e1ltat\u00f3:N\u00e9v:\u00a0[T\u00e1rhelyszolg\u00e1ltat\u00f3 neve]Sz\u00e9khely:\u00a0[Sz\u00e9khely c\u00edme]E-mail \/ kapcsolat:\u00a0[Szolg\u00e1ltat\u00f3 el\u00e9rhet\u0151s\u00e9ge] Honlap:\u00a0[a weboldal URL-je] \u00a0 Felel\u0151ss\u00e9gi nyilatkozat:\u201eA weboldalon tal\u00e1lhat\u00f3 inform\u00e1ci\u00f3k hiteles forr\u00e1sb\u00f3l sz\u00e1rmaznak, de azok tartalma nem min\u0151s\u00fcl jogi vagy szakmai tan\u00e1csad\u00e1snak. A [&hellip;]<\/p>\n","protected":false},"author":1,"featured_media":0,"parent":0,"menu_order":0,"comment_status":"closed","ping_status":"closed","template":"elementor_header_footer","meta":{"footnotes":""},"class_list":["post-703","page","type-page","status-publish","hentry"],"yoast_head":"<!-- This site is optimized with the Yoast SEO plugin v27.3 - https:\/\/yoast.com\/product\/yoast-seo-wordpress\/ -->\n<title>Impresszum - Annie Thai Spa<\/title>\n<meta name=\"robots\" content=\"index, follow, max-snippet:-1, max-image-preview:large, max-video-preview:-1\" \/>\n<link rel=\"canonical\" href=\"https:\/\/anniethaispa.hu\/de\/impresszum\/\" \/>\n<meta property=\"og:locale\" content=\"de_DE\" \/>\n<meta property=\"og:type\" content=\"article\" \/>\n<meta property=\"og:title\" content=\"Impresszum - Annie Thai Spa\" \/>\n<meta property=\"og:description\" content=\"Home \/ Impresszum Impresszum Impresszum Weboldal \u00fczemeltet\u0151je:WestTeam Biotech Kft.Teljes n\u00e9v:\u00a0WestTeam Biotech Biotechnol\u00f3giai Tan\u00e1csad\u00f3, Szolg\u00e1ltat\u00f3 \u00e9s Kereskedelmi Korl\u00e1tolt Felel\u0151ss\u00e9g\u0171 T\u00e1rsas\u00e1gSz\u00e9khely:\u00a07621 P\u00e9cs, Papn\u00f6velde utca 45.C\u00e9gjegyz\u00e9ksz\u00e1m:\u00a002-09-063791Ad\u00f3sz\u00e1m:\u00a011364120-2-02Telefonsz\u00e1m:\u00a0+36-30-298-8711E-mail c\u00edm:\u00a0westteam.biotech@gmail.com\u00dcgyvezet\u0151:\u00a0Dr. Melegh B\u00e9la P\u00e1l T\u00e1rhelyszolg\u00e1ltat\u00f3:N\u00e9v:\u00a0[T\u00e1rhelyszolg\u00e1ltat\u00f3 neve]Sz\u00e9khely:\u00a0[Sz\u00e9khely c\u00edme]E-mail \/ kapcsolat:\u00a0[Szolg\u00e1ltat\u00f3 el\u00e9rhet\u0151s\u00e9ge] Honlap:\u00a0[a weboldal URL-je] \u00a0 Felel\u0151ss\u00e9gi nyilatkozat:\u201eA weboldalon tal\u00e1lhat\u00f3 inform\u00e1ci\u00f3k hiteles forr\u00e1sb\u00f3l sz\u00e1rmaznak, de azok tartalma nem min\u0151s\u00fcl jogi vagy szakmai tan\u00e1csad\u00e1snak. A [&hellip;]\" \/>\n<meta property=\"og:url\" content=\"https:\/\/anniethaispa.hu\/de\/impresszum\/\" \/>\n<meta property=\"og:site_name\" content=\"Annie Thai Spa\" \/>\n<meta property=\"article:modified_time\" content=\"2026-01-19T12:19:04+00:00\" \/>\n<meta name=\"twitter:card\" content=\"summary_large_image\" \/>\n<meta name=\"twitter:label1\" content=\"Gesch\u00e4tzte Lesezeit\" \/>\n\t<meta name=\"twitter:data1\" content=\"1\u00a0Minute\" \/>\n<script type=\"application\/ld+json\" class=\"yoast-schema-graph\">{\"@context\":\"https:\\\/\\\/schema.org\",\"@graph\":[{\"@type\":\"WebPage\",\"@id\":\"https:\\\/\\\/anniethaispa.hu\\\/impresszum\\\/\",\"url\":\"https:\\\/\\\/anniethaispa.hu\\\/impresszum\\\/\",\"name\":\"Impresszum - Annie Thai Spa\",\"isPartOf\":{\"@id\":\"https:\\\/\\\/anniethaispa.hu\\\/#website\"},\"datePublished\":\"2026-01-16T14:49:25+00:00\",\"dateModified\":\"2026-01-19T12:19:04+00:00\",\"breadcrumb\":{\"@id\":\"https:\\\/\\\/anniethaispa.hu\\\/impresszum\\\/#breadcrumb\"},\"inLanguage\":\"de\",\"potentialAction\":[{\"@type\":\"ReadAction\",\"target\":[\"https:\\\/\\\/anniethaispa.hu\\\/impresszum\\\/\"]}]},{\"@type\":\"BreadcrumbList\",\"@id\":\"https:\\\/\\\/anniethaispa.hu\\\/impresszum\\\/#breadcrumb\",\"itemListElement\":[{\"@type\":\"ListItem\",\"position\":1,\"name\":\"Home\",\"item\":\"https:\\\/\\\/anniethaispa.hu\\\/\"},{\"@type\":\"ListItem\",\"position\":2,\"name\":\"Impresszum\"}]},{\"@type\":\"WebSite\",\"@id\":\"https:\\\/\\\/anniethaispa.hu\\\/#website\",\"url\":\"https:\\\/\\\/anniethaispa.hu\\\/\",\"name\":\"Annie Thai Spa\",\"description\":\"THAI MASSAGE &amp; SPA\",\"publisher\":{\"@id\":\"https:\\\/\\\/anniethaispa.hu\\\/#organization\"},\"potentialAction\":[{\"@type\":\"SearchAction\",\"target\":{\"@type\":\"EntryPoint\",\"urlTemplate\":\"https:\\\/\\\/anniethaispa.hu\\\/?s={search_term_string}\"},\"query-input\":{\"@type\":\"PropertyValueSpecification\",\"valueRequired\":true,\"valueName\":\"search_term_string\"}}],\"inLanguage\":\"de\"},{\"@type\":\"Organization\",\"@id\":\"https:\\\/\\\/anniethaispa.hu\\\/#organization\",\"name\":\"Annie Thai Spa\",\"url\":\"https:\\\/\\\/anniethaispa.hu\\\/\",\"logo\":{\"@type\":\"ImageObject\",\"inLanguage\":\"de\",\"@id\":\"https:\\\/\\\/anniethaispa.hu\\\/#\\\/schema\\\/logo\\\/image\\\/\",\"url\":\"https:\\\/\\\/anniethaispa.hu\\\/wp-content\\\/uploads\\\/2026\\\/01\\\/logo-favi.webp\",\"contentUrl\":\"https:\\\/\\\/anniethaispa.hu\\\/wp-content\\\/uploads\\\/2026\\\/01\\\/logo-favi.webp\",\"width\":756,\"height\":666,\"caption\":\"Annie Thai Spa\"},\"image\":{\"@id\":\"https:\\\/\\\/anniethaispa.hu\\\/#\\\/schema\\\/logo\\\/image\\\/\"}}]}<\/script>\n<!-- \/ Yoast SEO plugin. -->","yoast_head_json":{"title":"Impresszum - Annie Thai Spa","robots":{"index":"index","follow":"follow","max-snippet":"max-snippet:-1","max-image-preview":"max-image-preview:large","max-video-preview":"max-video-preview:-1"},"canonical":"https:\/\/anniethaispa.hu\/de\/impresszum\/","og_locale":"de_DE","og_type":"article","og_title":"Impresszum - Annie Thai Spa","og_description":"Home \/ Impresszum Impresszum Impresszum Weboldal \u00fczemeltet\u0151je:WestTeam Biotech Kft.Teljes n\u00e9v:\u00a0WestTeam Biotech Biotechnol\u00f3giai Tan\u00e1csad\u00f3, Szolg\u00e1ltat\u00f3 \u00e9s Kereskedelmi Korl\u00e1tolt Felel\u0151ss\u00e9g\u0171 T\u00e1rsas\u00e1gSz\u00e9khely:\u00a07621 P\u00e9cs, Papn\u00f6velde utca 45.C\u00e9gjegyz\u00e9ksz\u00e1m:\u00a002-09-063791Ad\u00f3sz\u00e1m:\u00a011364120-2-02Telefonsz\u00e1m:\u00a0+36-30-298-8711E-mail c\u00edm:\u00a0westteam.biotech@gmail.com\u00dcgyvezet\u0151:\u00a0Dr. Melegh B\u00e9la P\u00e1l T\u00e1rhelyszolg\u00e1ltat\u00f3:N\u00e9v:\u00a0[T\u00e1rhelyszolg\u00e1ltat\u00f3 neve]Sz\u00e9khely:\u00a0[Sz\u00e9khely c\u00edme]E-mail \/ kapcsolat:\u00a0[Szolg\u00e1ltat\u00f3 el\u00e9rhet\u0151s\u00e9ge] Honlap:\u00a0[a weboldal URL-je] \u00a0 Felel\u0151ss\u00e9gi nyilatkozat:\u201eA weboldalon tal\u00e1lhat\u00f3 inform\u00e1ci\u00f3k hiteles forr\u00e1sb\u00f3l sz\u00e1rmaznak, de azok tartalma nem min\u0151s\u00fcl jogi vagy szakmai tan\u00e1csad\u00e1snak. A [&hellip;]","og_url":"https:\/\/anniethaispa.hu\/de\/impresszum\/","og_site_name":"Annie Thai Spa","article_modified_time":"2026-01-19T12:19:04+00:00","twitter_card":"summary_large_image","twitter_misc":{"Gesch\u00e4tzte Lesezeit":"1\u00a0Minute"},"schema":{"@context":"https:\/\/schema.org","@graph":[{"@type":"WebPage","@id":"https:\/\/anniethaispa.hu\/impresszum\/","url":"https:\/\/anniethaispa.hu\/impresszum\/","name":"Impresszum - Annie Thai Spa","isPartOf":{"@id":"https:\/\/anniethaispa.hu\/#website"},"datePublished":"2026-01-16T14:49:25+00:00","dateModified":"2026-01-19T12:19:04+00:00","breadcrumb":{"@id":"https:\/\/anniethaispa.hu\/impresszum\/#breadcrumb"},"inLanguage":"de","potentialAction":[{"@type":"ReadAction","target":["https:\/\/anniethaispa.hu\/impresszum\/"]}]},{"@type":"BreadcrumbList","@id":"https:\/\/anniethaispa.hu\/impresszum\/#breadcrumb","itemListElement":[{"@type":"ListItem","position":1,"name":"Home","item":"https:\/\/anniethaispa.hu\/"},{"@type":"ListItem","position":2,"name":"Impresszum"}]},{"@type":"WebSite","@id":"https:\/\/anniethaispa.hu\/#website","url":"https:\/\/anniethaispa.hu\/","name":"Annie Thai Spa","description":"THAI-MASSAGE &amp; SPA","publisher":{"@id":"https:\/\/anniethaispa.hu\/#organization"},"potentialAction":[{"@type":"SearchAction","target":{"@type":"EntryPoint","urlTemplate":"https:\/\/anniethaispa.hu\/?s={search_term_string}"},"query-input":{"@type":"PropertyValueSpecification","valueRequired":true,"valueName":"search_term_string"}}],"inLanguage":"de"},{"@type":"Organization","@id":"https:\/\/anniethaispa.hu\/#organization","name":"Annie Thai Spa","url":"https:\/\/anniethaispa.hu\/","logo":{"@type":"ImageObject","inLanguage":"de","@id":"https:\/\/anniethaispa.hu\/#\/schema\/logo\/image\/","url":"https:\/\/anniethaispa.hu\/wp-content\/uploads\/2026\/01\/logo-favi.webp","contentUrl":"https:\/\/anniethaispa.hu\/wp-content\/uploads\/2026\/01\/logo-favi.webp","width":756,"height":666,"caption":"Annie Thai Spa"},"image":{"@id":"https:\/\/anniethaispa.hu\/#\/schema\/logo\/image\/"}}]}},"_links":{"self":[{"href":"https:\/\/anniethaispa.hu\/de\/wp-json\/wp\/v2\/pages\/703","targetHints":{"allow":["GET"]}}],"collection":[{"href":"https:\/\/anniethaispa.hu\/de\/wp-json\/wp\/v2\/pages"}],"about":[{"href":"https:\/\/anniethaispa.hu\/de\/wp-json\/wp\/v2\/types\/page"}],"author":[{"embeddable":true,"href":"https:\/\/anniethaispa.hu\/de\/wp-json\/wp\/v2\/users\/1"}],"replies":[{"embeddable":true,"href":"https:\/\/anniethaispa.hu\/de\/wp-json\/wp\/v2\/comments?post=703"}],"version-history":[{"count":7,"href":"https:\/\/anniethaispa.hu\/de\/wp-json\/wp\/v2\/pages\/703\/revisions"}],"predecessor-version":[{"id":738,"href":"https:\/\/anniethaispa.hu\/de\/wp-json\/wp\/v2\/pages\/703\/revisions\/738"}],"wp:attachment":[{"href":"https:\/\/anniethaispa.hu\/de\/wp-json\/wp\/v2\/media?parent=703"}],"curies":[{"name":"wp","href":"https:\/\/api.w.org\/{rel}","templated":true}]}}